{"id":5101,"date":"2020-10-05T10:15:34","date_gmt":"2020-10-05T08:15:34","guid":{"rendered":"https:\/\/zamkowewzgorze.pl\/oferta-masazy\/"},"modified":"2021-11-03T17:48:41","modified_gmt":"2021-11-03T16:48:41","slug":"massageanbegot","status":"publish","type":"page","link":"https:\/\/zamkowewzgorze.pl\/de\/massageanbegot\/","title":{"rendered":"Massageangebot"},"content":{"rendered":"<p>[vc_row][vc_column][vc_column_text]<\/p>\n<h3 id=\"tw-target-text\" class=\"tw-data-text tw-text-large XcVN5d tw-ta\" dir=\"ltr\" data-placeholder=\"T\u0142umaczenie\"><span lang=\"de\">Das Angebot an mobilen Massagen in unseren H\u00e4usern<\/span><\/h3>\n<table style=\"height: 587px;\" width=\"993\">\n<tbody>\n<tr>\n<th colspan=\"3\">\n<p id=\"tw-target-text\" class=\"tw-data-text tw-text-large XcVN5d tw-ta\" dir=\"ltr\" data-placeholder=\"T\u0142umaczenie\"><strong><span lang=\"de\">K\u00f6rperbehandlungen<\/span><\/strong><\/p>\n<\/th>\n<\/tr>\n<tr>\n<td>K\u00f6rperpeeling &#8211; eine Peeling-Behandlung<\/td>\n<td>190 z\u0142<\/td>\n<td>30 min.<\/td>\n<\/tr>\n<tr>\n<td>Milchberuhigend &#8211; eine Behandlung f\u00fcr Menschen mit trockener, empfindlicher Haut, die zu Reizungen neigt<\/td>\n<td>300 z\u0142<\/td>\n<td>60 min.<\/td>\n<\/tr>\n<tr>\n<td>Meeresreinigung &#8211; unterst\u00fctzt die Reinigung von Giftstoffen<\/td>\n<td>300 z\u0142<\/td>\n<td>60 min.<\/td>\n<\/tr>\n<tr>\n<th colspan=\"3\">Gesichtsbehandlungen<\/th>\n<\/tr>\n<tr>\n<td>Gesichtsmassage &#8211; verbessert die Durchblutung<\/td>\n<td>200 z\u0142<\/td>\n<td>30 min.<\/td>\n<\/tr>\n<tr>\n<td>&nbsp;<\/td>\n<td>&nbsp;<\/td>\n<td>&nbsp;<\/td>\n<\/tr>\n<tr>\n<td>&nbsp;<\/td>\n<td>&nbsp;<\/td>\n<td>&nbsp;<\/td>\n<\/tr>\n<tr>\n<td>&nbsp;<\/td>\n<td>&nbsp;<\/td>\n<td>&nbsp;<\/td>\n<\/tr>\n<tr>\n<th colspan=\"3\">Massagen<\/th>\n<\/tr>\n<tr>\n<td>Klassische Massage mit Oliven<\/td>\n<td>210 z\u0142 -280 z\u0142<\/td>\n<td>30 min. -60 min.<\/td>\n<\/tr>\n<tr>\n<td>Mit SHEA Butter einmassieren<\/td>\n<td>220 z\u0142 -300 z\u0142<\/td>\n<td>30 min. -60 min.<\/td>\n<\/tr>\n<tr>\n<td>Massage gl\u00e4nzt &#8211; macht die Haut weich, mit Feuchtigkeit versorgt und entspannt<\/td>\n<td>200 z\u0142 -280 z\u0142<\/td>\n<td>30 min. -60 min.<\/td>\n<\/tr>\n<tr>\n<td>Mit hei\u00dfen Vulkansteinen einmassieren<\/td>\n<td>240 z\u0142 -320 z\u0142<\/td>\n<td>30 min. -60 min.<\/td>\n<\/tr>\n<tr>\n<td>Hei\u00dfe \u00d6lmassage&nbsp; &nbsp; &nbsp; &nbsp; &nbsp; &nbsp; &nbsp; &nbsp; &nbsp; &nbsp; &nbsp; &nbsp; &nbsp; &nbsp; &nbsp; &nbsp; &nbsp; &nbsp; &nbsp; &nbsp; &nbsp; &nbsp; &nbsp; &nbsp;<\/td>\n<td>280 z\u0142<\/td>\n<td>60 min<\/td>\n<\/tr>\n<tr>\n<td>Fu\u00dfmassage &#8211; baut Stress ab<\/td>\n<td>200 z\u0142<\/td>\n<td>30 min<\/td>\n<\/tr>\n<tr>\n<td>&nbsp;<\/td>\n<td>&nbsp;<\/td>\n<td>&nbsp;<\/td>\n<\/tr>\n<tr>\n<td>&nbsp;<\/td>\n<td>&nbsp;<\/td>\n<td>&nbsp;<\/td>\n<\/tr>\n<tr>\n<th colspan=\"3\">&nbsp;<\/th>\n<\/tr>\n<\/tbody>\n<\/table>\n<p>&nbsp;[\/vc_column_text][\/vc_column][\/vc_row]<\/p>\n","protected":false},"excerpt":{"rendered":"<p>[vc_row][vc_column][vc_column_text] Das Angebot an mobilen Massagen in unseren H\u00e4usern K\u00f6rperbehandlungen K\u00f6rperpeeling &#8211; eine Peeling-Behandlung 190 z\u0142 30 min. Milchberuhigend &#8211; eine Behandlung f\u00fcr Menschen mit trockener, empfindlicher Haut, die zu Reizungen neigt 300 z\u0142 60 min. Meeresreinigung &#8211; unterst\u00fctzt die Reinigung von Giftstoffen 300 z\u0142 60 min. Gesichtsbehandlungen Gesichtsmassage &#8211;&#8230;<\/p>\n","protected":false},"author":2,"featured_media":0,"parent":0,"menu_order":1,"comment_status":"closed","ping_status":"closed","template":"","meta":{"ngg_post_thumbnail":0,"footnotes":""},"acf":[],"yoast_head":"<!-- This site is optimized with the Yoast SEO plugin v21.9 - https:\/\/yoast.com\/wordpress\/plugins\/seo\/ -->\n<title>Massageangebot - Zamkowe Wzg\u00f3rze Kazimierz Dolny Polen<\/title>\n<meta name=\"robots\" content=\"index, follow, max-snippet:-1, max-image-preview:large, max-video-preview:-1\" \/>\n<link rel=\"canonical\" href=\"https:\/\/zamkowewzgorze.pl\/de\/oferta-masazy\/\" \/>\n<meta property=\"og:locale\" content=\"de_DE\" \/>\n<meta property=\"og:type\" content=\"article\" \/>\n<meta property=\"og:title\" content=\"Massageangebot - Zamkowe Wzg\u00f3rze Kazimierz Dolny Polen\" \/>\n<meta property=\"og:description\" content=\"[vc_row][vc_column][vc_column_text] Das Angebot an mobilen Massagen in unseren H\u00e4usern K\u00f6rperbehandlungen K\u00f6rperpeeling &#8211; eine Peeling-Behandlung 190 z\u0142 30 min. Milchberuhigend &#8211; eine Behandlung f\u00fcr Menschen mit trockener, empfindlicher Haut, die zu Reizungen neigt 300 z\u0142 60 min. Meeresreinigung &#8211; unterst\u00fctzt die Reinigung von Giftstoffen 300 z\u0142 60 min. Gesichtsbehandlungen Gesichtsmassage &#8211;...\" \/>\n<meta property=\"og:url\" content=\"https:\/\/zamkowewzgorze.pl\/oferta-masazy\/\" \/>\n<meta property=\"og:site_name\" content=\"Zamkowe Wzg\u00f3rze Kazimierz Dolny Domki na wynajem\" \/>\n<meta property=\"article:publisher\" content=\"https:\/\/www.facebook.com\/zamkowewzgorzedomynawynajemKazimierzDolny\" \/>\n<meta property=\"article:modified_time\" content=\"2021-11-03T16:48:41+00:00\" \/>\n<meta name=\"twitter:card\" content=\"summary_large_image\" \/>\n<meta name=\"twitter:label1\" content=\"Gesch\u00e4tzte Lesezeit\" \/>\n\t<meta name=\"twitter:data1\" content=\"1\u00a0Minute\" \/>\n<script type=\"application\/ld+json\" class=\"yoast-schema-graph\">{\"@context\":\"https:\/\/schema.org\",\"@graph\":[{\"@type\":\"WebPage\",\"@id\":\"https:\/\/zamkowewzgorze.pl\/oferta-masazy\/\",\"url\":\"https:\/\/zamkowewzgorze.pl\/oferta-masazy\/\",\"name\":\"Massageangebot - Zamkowe Wzg\u00f3rze Kazimierz Dolny Polen\",\"isPartOf\":{\"@id\":\"https:\/\/zamkowewzgorze.pl\/#website\"},\"datePublished\":\"2020-10-05T08:15:34+00:00\",\"dateModified\":\"2021-11-03T16:48:41+00:00\",\"breadcrumb\":{\"@id\":\"https:\/\/zamkowewzgorze.pl\/oferta-masazy\/#breadcrumb\"},\"inLanguage\":\"de\",\"potentialAction\":[{\"@type\":\"ReadAction\",\"target\":[\"https:\/\/zamkowewzgorze.pl\/oferta-masazy\/\"]}]},{\"@type\":\"BreadcrumbList\",\"@id\":\"https:\/\/zamkowewzgorze.pl\/oferta-masazy\/#breadcrumb\",\"itemListElement\":[{\"@type\":\"ListItem\",\"position\":1,\"name\":\"Strona g\u0142\u00f3wna\",\"item\":\"https:\/\/zamkowewzgorze.pl\/de\/\"},{\"@type\":\"ListItem\",\"position\":2,\"name\":\"Massageangebot\"}]},{\"@type\":\"WebSite\",\"@id\":\"https:\/\/zamkowewzgorze.pl\/#website\",\"url\":\"https:\/\/zamkowewzgorze.pl\/\",\"name\":\"Zamkowe Wzg\u00f3rze Kazimierz Dolny Domki na wynajem\",\"description\":\"\",\"publisher\":{\"@id\":\"https:\/\/zamkowewzgorze.pl\/#organization\"},\"potentialAction\":[{\"@type\":\"SearchAction\",\"target\":{\"@type\":\"EntryPoint\",\"urlTemplate\":\"https:\/\/zamkowewzgorze.pl\/?s={search_term_string}\"},\"query-input\":\"required name=search_term_string\"}],\"inLanguage\":\"de\"},{\"@type\":\"Organization\",\"@id\":\"https:\/\/zamkowewzgorze.pl\/#organization\",\"name\":\"Zamkowe Wzg\u00f3rze Kazimierz Dolny Domki na wynajem\",\"url\":\"https:\/\/zamkowewzgorze.pl\/\",\"logo\":{\"@type\":\"ImageObject\",\"inLanguage\":\"de\",\"@id\":\"https:\/\/zamkowewzgorze.pl\/#\/schema\/logo\/image\/\",\"url\":\"https:\/\/zamkowewzgorze.pl\/wp-content\/uploads\/2019\/01\/zamkowe_wzgorze-logo.png\",\"contentUrl\":\"https:\/\/zamkowewzgorze.pl\/wp-content\/uploads\/2019\/01\/zamkowe_wzgorze-logo.png\",\"width\":591,\"height\":180,\"caption\":\"Zamkowe Wzg\u00f3rze Kazimierz Dolny Domki na wynajem\"},\"image\":{\"@id\":\"https:\/\/zamkowewzgorze.pl\/#\/schema\/logo\/image\/\"},\"sameAs\":[\"https:\/\/www.facebook.com\/zamkowewzgorzedomynawynajemKazimierzDolny\"]}]}<\/script>\n<!-- \/ Yoast SEO plugin. -->","yoast_head_json":{"title":"Massageangebot - Zamkowe Wzg\u00f3rze Kazimierz Dolny Polen","robots":{"index":"index","follow":"follow","max-snippet":"max-snippet:-1","max-image-preview":"max-image-preview:large","max-video-preview":"max-video-preview:-1"},"canonical":"https:\/\/zamkowewzgorze.pl\/de\/oferta-masazy\/","og_locale":"de_DE","og_type":"article","og_title":"Massageangebot - Zamkowe Wzg\u00f3rze Kazimierz Dolny Polen","og_description":"[vc_row][vc_column][vc_column_text] Das Angebot an mobilen Massagen in unseren H\u00e4usern K\u00f6rperbehandlungen K\u00f6rperpeeling &#8211; eine Peeling-Behandlung 190 z\u0142 30 min. Milchberuhigend &#8211; eine Behandlung f\u00fcr Menschen mit trockener, empfindlicher Haut, die zu Reizungen neigt 300 z\u0142 60 min. Meeresreinigung &#8211; unterst\u00fctzt die Reinigung von Giftstoffen 300 z\u0142 60 min. Gesichtsbehandlungen Gesichtsmassage &#8211;...","og_url":"https:\/\/zamkowewzgorze.pl\/oferta-masazy\/","og_site_name":"Zamkowe Wzg\u00f3rze Kazimierz Dolny Domki na wynajem","article_publisher":"https:\/\/www.facebook.com\/zamkowewzgorzedomynawynajemKazimierzDolny","article_modified_time":"2021-11-03T16:48:41+00:00","twitter_card":"summary_large_image","twitter_misc":{"Gesch\u00e4tzte Lesezeit":"1\u00a0Minute"},"schema":{"@context":"https:\/\/schema.org","@graph":[{"@type":"WebPage","@id":"https:\/\/zamkowewzgorze.pl\/oferta-masazy\/","url":"https:\/\/zamkowewzgorze.pl\/oferta-masazy\/","name":"Massageangebot - Zamkowe Wzg\u00f3rze Kazimierz Dolny Polen","isPartOf":{"@id":"https:\/\/zamkowewzgorze.pl\/#website"},"datePublished":"2020-10-05T08:15:34+00:00","dateModified":"2021-11-03T16:48:41+00:00","breadcrumb":{"@id":"https:\/\/zamkowewzgorze.pl\/oferta-masazy\/#breadcrumb"},"inLanguage":"de","potentialAction":[{"@type":"ReadAction","target":["https:\/\/zamkowewzgorze.pl\/oferta-masazy\/"]}]},{"@type":"BreadcrumbList","@id":"https:\/\/zamkowewzgorze.pl\/oferta-masazy\/#breadcrumb","itemListElement":[{"@type":"ListItem","position":1,"name":"Strona g\u0142\u00f3wna","item":"https:\/\/zamkowewzgorze.pl\/de\/"},{"@type":"ListItem","position":2,"name":"Massageangebot"}]},{"@type":"WebSite","@id":"https:\/\/zamkowewzgorze.pl\/#website","url":"https:\/\/zamkowewzgorze.pl\/","name":"Zamkowe Wzg\u00f3rze Kazimierz Dolny Domki na wynajem","description":"","publisher":{"@id":"https:\/\/zamkowewzgorze.pl\/#organization"},"potentialAction":[{"@type":"SearchAction","target":{"@type":"EntryPoint","urlTemplate":"https:\/\/zamkowewzgorze.pl\/?s={search_term_string}"},"query-input":"required name=search_term_string"}],"inLanguage":"de"},{"@type":"Organization","@id":"https:\/\/zamkowewzgorze.pl\/#organization","name":"Zamkowe Wzg\u00f3rze Kazimierz Dolny Domki na wynajem","url":"https:\/\/zamkowewzgorze.pl\/","logo":{"@type":"ImageObject","inLanguage":"de","@id":"https:\/\/zamkowewzgorze.pl\/#\/schema\/logo\/image\/","url":"https:\/\/zamkowewzgorze.pl\/wp-content\/uploads\/2019\/01\/zamkowe_wzgorze-logo.png","contentUrl":"https:\/\/zamkowewzgorze.pl\/wp-content\/uploads\/2019\/01\/zamkowe_wzgorze-logo.png","width":591,"height":180,"caption":"Zamkowe Wzg\u00f3rze Kazimierz Dolny Domki na wynajem"},"image":{"@id":"https:\/\/zamkowewzgorze.pl\/#\/schema\/logo\/image\/"},"sameAs":["https:\/\/www.facebook.com\/zamkowewzgorzedomynawynajemKazimierzDolny"]}]}},"_links":{"self":[{"href":"https:\/\/zamkowewzgorze.pl\/de\/wp-json\/wp\/v2\/pages\/5101"}],"collection":[{"href":"https:\/\/zamkowewzgorze.pl\/de\/wp-json\/wp\/v2\/pages"}],"about":[{"href":"https:\/\/zamkowewzgorze.pl\/de\/wp-json\/wp\/v2\/types\/page"}],"author":[{"embeddable":true,"href":"https:\/\/zamkowewzgorze.pl\/de\/wp-json\/wp\/v2\/users\/2"}],"replies":[{"embeddable":true,"href":"https:\/\/zamkowewzgorze.pl\/de\/wp-json\/wp\/v2\/comments?post=5101"}],"version-history":[{"count":6,"href":"https:\/\/zamkowewzgorze.pl\/de\/wp-json\/wp\/v2\/pages\/5101\/revisions"}],"predecessor-version":[{"id":5735,"href":"https:\/\/zamkowewzgorze.pl\/de\/wp-json\/wp\/v2\/pages\/5101\/revisions\/5735"}],"wp:attachment":[{"href":"https:\/\/zamkowewzgorze.pl\/de\/wp-json\/wp\/v2\/media?parent=5101"}],"curies":[{"name":"wp","href":"https:\/\/api.w.org\/{rel}","templated":true}]}}