{"id":5104,"date":"2019-02-12T22:26:29","date_gmt":"2019-02-12T21:26:29","guid":{"rendered":"https:\/\/zamkowewzgorze.pl\/oferta\/"},"modified":"2021-12-08T19:41:20","modified_gmt":"2021-12-08T18:41:20","slug":"angebot","status":"publish","type":"page","link":"https:\/\/zamkowewzgorze.pl\/de\/angebot\/","title":{"rendered":"Angebot"},"content":{"rendered":"<p>[vc_row][vc_column][vc_column_text css=&#8221;.vc_custom_1624633491406{background-color: #f2f2f2 !important;}&#8221;]<\/p>\n<h4 style=\"text-align: center;\"><span style=\"color: #ff9900;\"><br \/>\n<\/span>Preis f\u00fcr 2 N\u00e4chte f\u00fcr die Anmietung des ganzen Hauses.<\/h4>\n<p>&nbsp;[\/vc_column_text][\/vc_column][\/vc_row][vc_row][vc_column][vc_column_text]<\/p>\n<h4><strong>1. Standardangebot<\/strong><\/h4>\n<p>50% Vorauszahlung, Stornierung ohne Kosten bis zu 7 Tagen vor der Anreise<\/p>\n<h4><strong>2. <\/strong>Nicht stornierbares Angebot \u2013 g\u00fcnstiger Preis<\/h4>\n<p>100% Vorauszahlung. Zur Buchung ist eine Vorauszahlung f\u00fcr den ganzen Aufenthalt \u00fcber das Online-Zahlungsverkehrssystem im Voraus erforderlich<\/p>\n<p>&nbsp;[\/vc_column_text][vc_btn title=&#8221;B U C H E N&#8221; color=&#8221;chino&#8221; size=&#8221;lg&#8221; align=&#8221;center&#8221; css_animation=&#8221;fadeInDown&#8221; link=&#8221;url:https%3A%2F%2Fbooking.profitroom.com%2Fde%2Fzamkowewzgorze%2Fhome%3Fcurrency%3DPLN|||&#8221;][\/vc_column][\/vc_row][vc_row][vc_column width=&#8221;1\/2&#8243;]\n\t<div class=\"thim-sc-heading  \" >\n\t\t<div class=\"article_heading \">\n\t\t\t\n\t\t\t<h3  class=\"heading_secondary\">In jedem Haus befindet sich:<\/h3>\n\t\t\t \n\t\t\t\n\t\t<\/div>\n\t<\/div>[vc_empty_space height=&#8221;25px&#8221;][vc_column_text]- gut ausgestatte K\u00fcche: Geschirrsp\u00fcler, K\u00fchlschrank, Mikrowelle, Wasserkessel,Becher, Teller, Gl\u00e4ser, Weingl\u00e4ser, T\u00f6pfe<br \/>\n&#8211; Esszimmer<br \/>\n&#8211; ger\u00e4umige Freizeitzone mit Kamin<br \/>\n&#8211; Terrasse mit einem herrlichen Blick auf die wilde Landschaft von Kazimierz Dolny<br \/>\n&#8211; Die Anzahl der Bettw\u00e4sche und Handt\u00fccher angepasst an die Anzahl der G\u00e4ste<br \/>\nZus\u00e4tzlich bieten wir kostenlos an<br \/>\n&#8211; Grill auf der Terrasse (Grillkohle gegen eine Zuzahlung)<\/p>\n<p>Gegen eine zus\u00e4tzliche Geb\u00fchr: (<span class=\"Y2IQFc\" lang=\"de\">vor\u00fcbergehend nicht erreichbar)<br \/>\n<\/span>&#8211; Rotwein und Wei\u00dfwein &#8211; ab 60 PLN\/St.<br \/>\n&#8211; mobiles Massagestudio<br \/>\n&#8211; Kostenlose Parkpl\u00e4tze f\u00fcr zwei Autos<br \/>\n&#8211; Blumenstrau\u00df- 120 PLN[\/vc_column_text][\/vc_column][vc_column width=&#8221;1\/2&#8243;][vc_images_carousel images=&#8221;5378,5389,5375,4606,5402&#8243; img_size=&#8221;full&#8221;][\/vc_column][\/vc_row]<\/p>\n","protected":false},"excerpt":{"rendered":"<p>[vc_row][vc_column][vc_column_text css=&#8221;.vc_custom_1624633491406{background-color: #f2f2f2 !important;}&#8221;] Preis f\u00fcr 2 N\u00e4chte f\u00fcr die Anmietung des ganzen Hauses. &nbsp;[\/vc_column_text][\/vc_column][\/vc_row][vc_row][vc_column][vc_column_text] 1. Standardangebot 50% Vorauszahlung, Stornierung ohne Kosten bis zu 7 Tagen vor der Anreise 2. Nicht stornierbares Angebot \u2013 g\u00fcnstiger Preis 100% Vorauszahlung. Zur Buchung ist eine Vorauszahlung f\u00fcr den ganzen Aufenthalt \u00fcber das Online-Zahlungsverkehrssystem&#8230;<\/p>\n","protected":false},"author":2,"featured_media":0,"parent":0,"menu_order":9,"comment_status":"closed","ping_status":"closed","template":"","meta":{"ngg_post_thumbnail":0,"footnotes":""},"acf":[],"yoast_head":"<!-- This site is optimized with the Yoast SEO plugin v21.9 - https:\/\/yoast.com\/wordpress\/plugins\/seo\/ -->\n<title>Angebot - Kazimierz Dolny Polen, H\u00e4user mit Garten f\u00fcr den Urlaub<\/title>\n<meta name=\"description\" content=\"Ein Haus mit Ausr\u00fcstung zur Miete in Kazimierz Dolny. Komplette Ausstattung in jedem Zimmer, andere Attraktionen sind ebenfalls verf\u00fcgbar. H\u00f6r zu!\" \/>\n<meta name=\"robots\" content=\"index, follow, max-snippet:-1, max-image-preview:large, max-video-preview:-1\" \/>\n<link rel=\"canonical\" href=\"https:\/\/zamkowewzgorze.pl\/de\/oferta\/\" \/>\n<meta property=\"og:locale\" content=\"de_DE\" \/>\n<meta property=\"og:type\" content=\"article\" \/>\n<meta property=\"og:title\" content=\"Angebot - Kazimierz Dolny Polen, H\u00e4user mit Garten f\u00fcr den Urlaub\" \/>\n<meta property=\"og:description\" content=\"Ein Haus mit Ausr\u00fcstung zur Miete in Kazimierz Dolny. Komplette Ausstattung in jedem Zimmer, andere Attraktionen sind ebenfalls verf\u00fcgbar. H\u00f6r zu!\" \/>\n<meta property=\"og:url\" content=\"https:\/\/zamkowewzgorze.pl\/oferta\/\" \/>\n<meta property=\"og:site_name\" content=\"Zamkowe Wzg\u00f3rze Kazimierz Dolny Domki na wynajem\" \/>\n<meta property=\"article:publisher\" content=\"https:\/\/www.facebook.com\/zamkowewzgorzedomynawynajemKazimierzDolny\" \/>\n<meta property=\"article:modified_time\" content=\"2021-12-08T18:41:20+00:00\" \/>\n<meta name=\"twitter:card\" content=\"summary_large_image\" \/>\n<meta name=\"twitter:label1\" content=\"Gesch\u00e4tzte Lesezeit\" \/>\n\t<meta name=\"twitter:data1\" content=\"1\u00a0Minute\" \/>\n<script type=\"application\/ld+json\" class=\"yoast-schema-graph\">{\"@context\":\"https:\/\/schema.org\",\"@graph\":[{\"@type\":\"WebPage\",\"@id\":\"https:\/\/zamkowewzgorze.pl\/oferta\/\",\"url\":\"https:\/\/zamkowewzgorze.pl\/oferta\/\",\"name\":\"Angebot - Kazimierz Dolny Polen, H\u00e4user mit Garten f\u00fcr den Urlaub\",\"isPartOf\":{\"@id\":\"https:\/\/zamkowewzgorze.pl\/#website\"},\"datePublished\":\"2019-02-12T21:26:29+00:00\",\"dateModified\":\"2021-12-08T18:41:20+00:00\",\"description\":\"Ein Haus mit Ausr\u00fcstung zur Miete in Kazimierz Dolny. Komplette Ausstattung in jedem Zimmer, andere Attraktionen sind ebenfalls verf\u00fcgbar. H\u00f6r zu!\",\"breadcrumb\":{\"@id\":\"https:\/\/zamkowewzgorze.pl\/oferta\/#breadcrumb\"},\"inLanguage\":\"de\",\"potentialAction\":[{\"@type\":\"ReadAction\",\"target\":[\"https:\/\/zamkowewzgorze.pl\/oferta\/\"]}]},{\"@type\":\"BreadcrumbList\",\"@id\":\"https:\/\/zamkowewzgorze.pl\/oferta\/#breadcrumb\",\"itemListElement\":[{\"@type\":\"ListItem\",\"position\":1,\"name\":\"Strona g\u0142\u00f3wna\",\"item\":\"https:\/\/zamkowewzgorze.pl\/de\/\"},{\"@type\":\"ListItem\",\"position\":2,\"name\":\"Angebot\"}]},{\"@type\":\"WebSite\",\"@id\":\"https:\/\/zamkowewzgorze.pl\/#website\",\"url\":\"https:\/\/zamkowewzgorze.pl\/\",\"name\":\"Zamkowe Wzg\u00f3rze Kazimierz Dolny Domki na wynajem\",\"description\":\"\",\"publisher\":{\"@id\":\"https:\/\/zamkowewzgorze.pl\/#organization\"},\"potentialAction\":[{\"@type\":\"SearchAction\",\"target\":{\"@type\":\"EntryPoint\",\"urlTemplate\":\"https:\/\/zamkowewzgorze.pl\/?s={search_term_string}\"},\"query-input\":\"required name=search_term_string\"}],\"inLanguage\":\"de\"},{\"@type\":\"Organization\",\"@id\":\"https:\/\/zamkowewzgorze.pl\/#organization\",\"name\":\"Zamkowe Wzg\u00f3rze Kazimierz Dolny Domki na wynajem\",\"url\":\"https:\/\/zamkowewzgorze.pl\/\",\"logo\":{\"@type\":\"ImageObject\",\"inLanguage\":\"de\",\"@id\":\"https:\/\/zamkowewzgorze.pl\/#\/schema\/logo\/image\/\",\"url\":\"https:\/\/zamkowewzgorze.pl\/wp-content\/uploads\/2019\/01\/zamkowe_wzgorze-logo.png\",\"contentUrl\":\"https:\/\/zamkowewzgorze.pl\/wp-content\/uploads\/2019\/01\/zamkowe_wzgorze-logo.png\",\"width\":591,\"height\":180,\"caption\":\"Zamkowe Wzg\u00f3rze Kazimierz Dolny Domki na wynajem\"},\"image\":{\"@id\":\"https:\/\/zamkowewzgorze.pl\/#\/schema\/logo\/image\/\"},\"sameAs\":[\"https:\/\/www.facebook.com\/zamkowewzgorzedomynawynajemKazimierzDolny\"]}]}<\/script>\n<!-- \/ Yoast SEO plugin. -->","yoast_head_json":{"title":"Angebot - Kazimierz Dolny Polen, H\u00e4user mit Garten f\u00fcr den Urlaub","description":"Ein Haus mit Ausr\u00fcstung zur Miete in Kazimierz Dolny. Komplette Ausstattung in jedem Zimmer, andere Attraktionen sind ebenfalls verf\u00fcgbar. H\u00f6r zu!","robots":{"index":"index","follow":"follow","max-snippet":"max-snippet:-1","max-image-preview":"max-image-preview:large","max-video-preview":"max-video-preview:-1"},"canonical":"https:\/\/zamkowewzgorze.pl\/de\/oferta\/","og_locale":"de_DE","og_type":"article","og_title":"Angebot - Kazimierz Dolny Polen, H\u00e4user mit Garten f\u00fcr den Urlaub","og_description":"Ein Haus mit Ausr\u00fcstung zur Miete in Kazimierz Dolny. Komplette Ausstattung in jedem Zimmer, andere Attraktionen sind ebenfalls verf\u00fcgbar. H\u00f6r zu!","og_url":"https:\/\/zamkowewzgorze.pl\/oferta\/","og_site_name":"Zamkowe Wzg\u00f3rze Kazimierz Dolny Domki na wynajem","article_publisher":"https:\/\/www.facebook.com\/zamkowewzgorzedomynawynajemKazimierzDolny","article_modified_time":"2021-12-08T18:41:20+00:00","twitter_card":"summary_large_image","twitter_misc":{"Gesch\u00e4tzte Lesezeit":"1\u00a0Minute"},"schema":{"@context":"https:\/\/schema.org","@graph":[{"@type":"WebPage","@id":"https:\/\/zamkowewzgorze.pl\/oferta\/","url":"https:\/\/zamkowewzgorze.pl\/oferta\/","name":"Angebot - Kazimierz Dolny Polen, H\u00e4user mit Garten f\u00fcr den Urlaub","isPartOf":{"@id":"https:\/\/zamkowewzgorze.pl\/#website"},"datePublished":"2019-02-12T21:26:29+00:00","dateModified":"2021-12-08T18:41:20+00:00","description":"Ein Haus mit Ausr\u00fcstung zur Miete in Kazimierz Dolny. Komplette Ausstattung in jedem Zimmer, andere Attraktionen sind ebenfalls verf\u00fcgbar. H\u00f6r zu!","breadcrumb":{"@id":"https:\/\/zamkowewzgorze.pl\/oferta\/#breadcrumb"},"inLanguage":"de","potentialAction":[{"@type":"ReadAction","target":["https:\/\/zamkowewzgorze.pl\/oferta\/"]}]},{"@type":"BreadcrumbList","@id":"https:\/\/zamkowewzgorze.pl\/oferta\/#breadcrumb","itemListElement":[{"@type":"ListItem","position":1,"name":"Strona g\u0142\u00f3wna","item":"https:\/\/zamkowewzgorze.pl\/de\/"},{"@type":"ListItem","position":2,"name":"Angebot"}]},{"@type":"WebSite","@id":"https:\/\/zamkowewzgorze.pl\/#website","url":"https:\/\/zamkowewzgorze.pl\/","name":"Zamkowe Wzg\u00f3rze Kazimierz Dolny Domki na wynajem","description":"","publisher":{"@id":"https:\/\/zamkowewzgorze.pl\/#organization"},"potentialAction":[{"@type":"SearchAction","target":{"@type":"EntryPoint","urlTemplate":"https:\/\/zamkowewzgorze.pl\/?s={search_term_string}"},"query-input":"required name=search_term_string"}],"inLanguage":"de"},{"@type":"Organization","@id":"https:\/\/zamkowewzgorze.pl\/#organization","name":"Zamkowe Wzg\u00f3rze Kazimierz Dolny Domki na wynajem","url":"https:\/\/zamkowewzgorze.pl\/","logo":{"@type":"ImageObject","inLanguage":"de","@id":"https:\/\/zamkowewzgorze.pl\/#\/schema\/logo\/image\/","url":"https:\/\/zamkowewzgorze.pl\/wp-content\/uploads\/2019\/01\/zamkowe_wzgorze-logo.png","contentUrl":"https:\/\/zamkowewzgorze.pl\/wp-content\/uploads\/2019\/01\/zamkowe_wzgorze-logo.png","width":591,"height":180,"caption":"Zamkowe Wzg\u00f3rze Kazimierz Dolny Domki na wynajem"},"image":{"@id":"https:\/\/zamkowewzgorze.pl\/#\/schema\/logo\/image\/"},"sameAs":["https:\/\/www.facebook.com\/zamkowewzgorzedomynawynajemKazimierzDolny"]}]}},"_links":{"self":[{"href":"https:\/\/zamkowewzgorze.pl\/de\/wp-json\/wp\/v2\/pages\/5104"}],"collection":[{"href":"https:\/\/zamkowewzgorze.pl\/de\/wp-json\/wp\/v2\/pages"}],"about":[{"href":"https:\/\/zamkowewzgorze.pl\/de\/wp-json\/wp\/v2\/types\/page"}],"author":[{"embeddable":true,"href":"https:\/\/zamkowewzgorze.pl\/de\/wp-json\/wp\/v2\/users\/2"}],"replies":[{"embeddable":true,"href":"https:\/\/zamkowewzgorze.pl\/de\/wp-json\/wp\/v2\/comments?post=5104"}],"version-history":[{"count":25,"href":"https:\/\/zamkowewzgorze.pl\/de\/wp-json\/wp\/v2\/pages\/5104\/revisions"}],"predecessor-version":[{"id":5743,"href":"https:\/\/zamkowewzgorze.pl\/de\/wp-json\/wp\/v2\/pages\/5104\/revisions\/5743"}],"wp:attachment":[{"href":"https:\/\/zamkowewzgorze.pl\/de\/wp-json\/wp\/v2\/media?parent=5104"}],"curies":[{"name":"wp","href":"https:\/\/api.w.org\/{rel}","templated":true}]}}