{"id":5116,"date":"2016-09-30T10:03:02","date_gmt":"2016-09-30T03:03:02","guid":{"rendered":"https:\/\/zamkowewzgorze.pl\/kontakt\/"},"modified":"2022-04-19T14:10:17","modified_gmt":"2022-04-19T12:10:17","slug":"kontakt","status":"publish","type":"page","link":"https:\/\/zamkowewzgorze.pl\/de\/kontakt\/","title":{"rendered":"Kontakt"},"content":{"rendered":"<p>[vc_row][vc_column offset=&#8221;vc_col-lg-6 vc_col-md-6 vc_col-xs-12&#8243;][vc_empty_space height=&#8221;50px&#8221;][vc_column_text]<\/p>\n<p style=\"text-align: left;\"><strong>Buchen Sie ein Ferienhaus in Kazimierz Dolny<\/strong><\/p>\n<p>[\/vc_column_text]\n\t<div class=\"thim-sc-heading  \" >\n\t\t<div class=\"article_heading \">\n\t\t\t<p class=\"heading_primary\"  >LASSEN SIE UNS IN KONTAKT BLEIBEN<\/p>\n\t\t\t\n\t\t\t \n\t\t\t\n\t\t<\/div>\n\t<\/div>[vc_column_text]<\/p>\n<div>G\u00f3ry, 24-120 Kazimierz Dolny, Polska<br \/>\nRezeption: <a href=\"tel:577 955 588\">577 955 588<\/a><br \/>\nE-mail: <a href=\"mailto:rezerwacje@zamkowewzgorze.pl\">rezerwacje@zamkowewzgorze.pl<\/a><\/div>\n<div>&nbsp;<\/div>\n<div>\n<p>Wie kommen Sie zu uns?<\/p>\n<\/div>\n<div>&nbsp;<\/div>\n<div>\n<p>&nbsp;Alles, was Sie tun m\u00fcssen, ist es, vom Marktplatz in Kazimierz die Zamkowa-Stra\u00dfe hinaufzufahren. Sie fahren an der Burgruine und dem Turm vorbei und biegen dann vor dem Hotel &#8220;Kazimierz\u00f3wka&#8221; rechts in eine schmale Stra\u00dfe ein.<\/p>\n<\/div>\n<p>[\/vc_column_text]<ul class=\"thim-sc-social-link style-03\" ><\/ul>[vc_empty_space][vc_column_text]<iframe loading=\"lazy\" style=\"border: 0;\" tabindex=\"0\" src=\"https:\/\/www.google.com\/maps\/embed?pb=!1m18!1m12!1m3!1d1450.7813395454014!2d21.952861070006467!3d51.32325197822694!2m3!1f0!2f0!3f0!3m2!1i1024!2i768!4f13.1!3m3!1m2!1s0x47227da8fe8b43c9%3A0xcff912f1a38acd43!2sWzg%C3%B3rze%20Zamkowe%20-%20domy%20na%20wynajem!5e0!3m2!1sde!2sde!4v1588079728459!5m2!1sde!2sde\" width=\"100%\" height=\"450\" frameborder=\"0\" allowfullscreen=\"allowfullscreen\" aria-hidden=\"false\"><\/iframe>[\/vc_column_text][\/vc_column][vc_column offset=&#8221;vc_col-lg-6 vc_col-md-6 vc_col-xs-12&#8243;][vc_empty_space height=&#8221;50px&#8221;][vc_column_text]<\/p>\n<h4 align=\"center\">Kontakt Formular<\/h4>\n<p>[\/vc_column_text]\n<div class=\"wpcf7 no-js\" id=\"wpcf7-f5209-o1\" lang=\"de-DE\" dir=\"ltr\">\n<div class=\"screen-reader-response\"><p role=\"status\" aria-live=\"polite\" aria-atomic=\"true\"><\/p> <ul><\/ul><\/div>\n<form action=\"\/de\/wp-json\/wp\/v2\/pages\/5116#wpcf7-f5209-o1\" method=\"post\" class=\"wpcf7-form init\" aria-label=\"Kontaktformular\" novalidate=\"novalidate\" data-status=\"init\">\n<div style=\"display: none;\">\n<input type=\"hidden\" name=\"_wpcf7\" value=\"5209\" \/>\n<input type=\"hidden\" name=\"_wpcf7_version\" value=\"5.8.6\" \/>\n<input type=\"hidden\" name=\"_wpcf7_locale\" value=\"de_DE\" \/>\n<input type=\"hidden\" name=\"_wpcf7_unit_tag\" value=\"wpcf7-f5209-o1\" \/>\n<input type=\"hidden\" name=\"_wpcf7_container_post\" value=\"0\" \/>\n<input type=\"hidden\" name=\"_wpcf7_posted_data_hash\" value=\"\" \/>\n<input type=\"hidden\" name=\"_wpcf7_recaptcha_response\" value=\"\" \/>\n<\/div>\n<p><label> Vorname und Nachname *<br \/>\n<span class=\"wpcf7-form-control-wrap\" data-name=\"ihr-nachname\"><input size=\"40\" class=\"wpcf7-form-control wpcf7-text wpcf7-validates-as-required\" aria-required=\"true\" aria-invalid=\"false\" value=\"\" type=\"text\" name=\"ihr-nachname\" \/><\/span> <\/label>\n<\/p>\n<p><label> E-Mail-Adresse *<br \/>\n<span class=\"wpcf7-form-control-wrap\" data-name=\"Ihre-E-Mail\"><input size=\"40\" class=\"wpcf7-form-control wpcf7-email wpcf7-validates-as-required wpcf7-text wpcf7-validates-as-email\" aria-required=\"true\" aria-invalid=\"false\" value=\"\" type=\"email\" name=\"Ihre-E-Mail\" \/><\/span> <\/label>\n<\/p>\n<p><label> Telefonnummer<br \/>\n<span class=\"wpcf7-form-control-wrap\" data-name=\"deine-Telefonnummer\"><input size=\"40\" class=\"wpcf7-form-control wpcf7-tel wpcf7-text wpcf7-validates-as-tel\" aria-invalid=\"false\" value=\"\" type=\"tel\" name=\"deine-Telefonnummer\" \/><\/span> <\/label>\n<\/p>\n<p><label> Thema<br \/>\n<span class=\"wpcf7-form-control-wrap\" data-name=\"dein-thema\"><input size=\"40\" class=\"wpcf7-form-control wpcf7-text\" aria-invalid=\"false\" value=\"\" type=\"text\" name=\"dein-thema\" \/><\/span> <\/label>\n<\/p>\n<p><label> Nachrichteninhalt<br \/>\n<span class=\"wpcf7-form-control-wrap\" data-name=\"Deine-Nachricht\"><textarea cols=\"40\" rows=\"10\" class=\"wpcf7-form-control wpcf7-textarea\" aria-invalid=\"false\" name=\"Deine-Nachricht\"><\/textarea><\/span> <\/label>\n<\/p>\n<p><input class=\"wpcf7-form-control wpcf7-submit has-spinner\" type=\"submit\" value=\"Senden\" \/>\n<\/p><div class=\"wpcf7-response-output\" aria-hidden=\"true\"><\/div>\n<\/form>\n<\/div>\n[\/vc_column][\/vc_row][vc_row][vc_column][\/vc_column][\/vc_row][vc_row][vc_column][\/vc_column][\/vc_row]<\/p>\n","protected":false},"excerpt":{"rendered":"<p>[vc_row][vc_column offset=&#8221;vc_col-lg-6 vc_col-md-6 vc_col-xs-12&#8243;][vc_empty_space height=&#8221;50px&#8221;][vc_column_text] Buchen Sie ein Ferienhaus in Kazimierz Dolny [\/vc_column_text][vc_column_text] G\u00f3ry, 24-120 Kazimierz Dolny, Polska Rezeption: 577 955 588 E-mail: rezerwacje@zamkowewzgorze.pl &nbsp; Wie kommen Sie zu uns? &nbsp; &nbsp;Alles, was Sie tun m\u00fcssen, ist es, vom Marktplatz in Kazimierz die Zamkowa-Stra\u00dfe hinaufzufahren. Sie fahren an der Burgruine&#8230;<\/p>\n","protected":false},"author":2,"featured_media":0,"parent":0,"menu_order":23,"comment_status":"closed","ping_status":"closed","template":"","meta":{"ngg_post_thumbnail":0,"footnotes":""},"acf":[],"yoast_head":"<!-- This site is optimized with the Yoast SEO plugin v21.9 - https:\/\/yoast.com\/wordpress\/plugins\/seo\/ -->\n<title>Anfrage Senden &quot;Zamkowe Wzg\u00f3rze&quot; Kazimierz Dolny, Polen<\/title>\n<meta name=\"description\" content=\"Wenn Sie ein voll ausgestattetes Ferienhaus oder einen Konferenzraum mieten m\u00f6chten oder andere Fragen oder Zweifel haben, kontaktieren Sie uns bitte.\" \/>\n<meta name=\"robots\" content=\"index, follow, max-snippet:-1, max-image-preview:large, max-video-preview:-1\" \/>\n<link rel=\"canonical\" href=\"https:\/\/zamkowewzgorze.pl\/de\/kontakt\/\" \/>\n<meta property=\"og:locale\" content=\"de_DE\" \/>\n<meta property=\"og:type\" content=\"article\" \/>\n<meta property=\"og:title\" content=\"Anfrage Senden &quot;Zamkowe Wzg\u00f3rze&quot; Kazimierz Dolny, Polen\" \/>\n<meta property=\"og:description\" content=\"Wenn Sie ein voll ausgestattetes Ferienhaus oder einen Konferenzraum mieten m\u00f6chten oder andere Fragen oder Zweifel haben, kontaktieren Sie uns bitte.\" \/>\n<meta property=\"og:url\" content=\"https:\/\/zamkowewzgorze.pl\/kontakt\/\" \/>\n<meta property=\"og:site_name\" content=\"Zamkowe Wzg\u00f3rze Kazimierz Dolny Domki na wynajem\" \/>\n<meta property=\"article:publisher\" content=\"https:\/\/www.facebook.com\/zamkowewzgorzedomynawynajemKazimierzDolny\" \/>\n<meta property=\"article:modified_time\" content=\"2022-04-19T12:10:17+00:00\" \/>\n<meta name=\"twitter:card\" content=\"summary_large_image\" \/>\n<meta name=\"twitter:label1\" content=\"Gesch\u00e4tzte Lesezeit\" \/>\n\t<meta name=\"twitter:data1\" content=\"1\u00a0Minute\" \/>\n<script type=\"application\/ld+json\" class=\"yoast-schema-graph\">{\"@context\":\"https:\/\/schema.org\",\"@graph\":[{\"@type\":\"WebPage\",\"@id\":\"https:\/\/zamkowewzgorze.pl\/kontakt\/\",\"url\":\"https:\/\/zamkowewzgorze.pl\/kontakt\/\",\"name\":\"Anfrage Senden \\\"Zamkowe Wzg\u00f3rze\\\" Kazimierz Dolny, Polen\",\"isPartOf\":{\"@id\":\"https:\/\/zamkowewzgorze.pl\/#website\"},\"datePublished\":\"2016-09-30T03:03:02+00:00\",\"dateModified\":\"2022-04-19T12:10:17+00:00\",\"description\":\"Wenn Sie ein voll ausgestattetes Ferienhaus oder einen Konferenzraum mieten m\u00f6chten oder andere Fragen oder Zweifel haben, kontaktieren Sie uns bitte.\",\"breadcrumb\":{\"@id\":\"https:\/\/zamkowewzgorze.pl\/kontakt\/#breadcrumb\"},\"inLanguage\":\"de\",\"potentialAction\":[{\"@type\":\"ReadAction\",\"target\":[\"https:\/\/zamkowewzgorze.pl\/kontakt\/\"]}]},{\"@type\":\"BreadcrumbList\",\"@id\":\"https:\/\/zamkowewzgorze.pl\/kontakt\/#breadcrumb\",\"itemListElement\":[{\"@type\":\"ListItem\",\"position\":1,\"name\":\"Strona g\u0142\u00f3wna\",\"item\":\"https:\/\/zamkowewzgorze.pl\/de\/\"},{\"@type\":\"ListItem\",\"position\":2,\"name\":\"Kontakt\"}]},{\"@type\":\"WebSite\",\"@id\":\"https:\/\/zamkowewzgorze.pl\/#website\",\"url\":\"https:\/\/zamkowewzgorze.pl\/\",\"name\":\"Zamkowe Wzg\u00f3rze Kazimierz Dolny Domki na wynajem\",\"description\":\"\",\"publisher\":{\"@id\":\"https:\/\/zamkowewzgorze.pl\/#organization\"},\"potentialAction\":[{\"@type\":\"SearchAction\",\"target\":{\"@type\":\"EntryPoint\",\"urlTemplate\":\"https:\/\/zamkowewzgorze.pl\/?s={search_term_string}\"},\"query-input\":\"required name=search_term_string\"}],\"inLanguage\":\"de\"},{\"@type\":\"Organization\",\"@id\":\"https:\/\/zamkowewzgorze.pl\/#organization\",\"name\":\"Zamkowe Wzg\u00f3rze Kazimierz Dolny Domki na wynajem\",\"url\":\"https:\/\/zamkowewzgorze.pl\/\",\"logo\":{\"@type\":\"ImageObject\",\"inLanguage\":\"de\",\"@id\":\"https:\/\/zamkowewzgorze.pl\/#\/schema\/logo\/image\/\",\"url\":\"https:\/\/zamkowewzgorze.pl\/wp-content\/uploads\/2019\/01\/zamkowe_wzgorze-logo.png\",\"contentUrl\":\"https:\/\/zamkowewzgorze.pl\/wp-content\/uploads\/2019\/01\/zamkowe_wzgorze-logo.png\",\"width\":591,\"height\":180,\"caption\":\"Zamkowe Wzg\u00f3rze Kazimierz Dolny Domki na wynajem\"},\"image\":{\"@id\":\"https:\/\/zamkowewzgorze.pl\/#\/schema\/logo\/image\/\"},\"sameAs\":[\"https:\/\/www.facebook.com\/zamkowewzgorzedomynawynajemKazimierzDolny\"]}]}<\/script>\n<!-- \/ Yoast SEO plugin. -->","yoast_head_json":{"title":"Anfrage Senden \"Zamkowe Wzg\u00f3rze\" Kazimierz Dolny, Polen","description":"Wenn Sie ein voll ausgestattetes Ferienhaus oder einen Konferenzraum mieten m\u00f6chten oder andere Fragen oder Zweifel haben, kontaktieren Sie uns bitte.","robots":{"index":"index","follow":"follow","max-snippet":"max-snippet:-1","max-image-preview":"max-image-preview:large","max-video-preview":"max-video-preview:-1"},"canonical":"https:\/\/zamkowewzgorze.pl\/de\/kontakt\/","og_locale":"de_DE","og_type":"article","og_title":"Anfrage Senden \"Zamkowe Wzg\u00f3rze\" Kazimierz Dolny, Polen","og_description":"Wenn Sie ein voll ausgestattetes Ferienhaus oder einen Konferenzraum mieten m\u00f6chten oder andere Fragen oder Zweifel haben, kontaktieren Sie uns bitte.","og_url":"https:\/\/zamkowewzgorze.pl\/kontakt\/","og_site_name":"Zamkowe Wzg\u00f3rze Kazimierz Dolny Domki na wynajem","article_publisher":"https:\/\/www.facebook.com\/zamkowewzgorzedomynawynajemKazimierzDolny","article_modified_time":"2022-04-19T12:10:17+00:00","twitter_card":"summary_large_image","twitter_misc":{"Gesch\u00e4tzte Lesezeit":"1\u00a0Minute"},"schema":{"@context":"https:\/\/schema.org","@graph":[{"@type":"WebPage","@id":"https:\/\/zamkowewzgorze.pl\/kontakt\/","url":"https:\/\/zamkowewzgorze.pl\/kontakt\/","name":"Anfrage Senden \"Zamkowe Wzg\u00f3rze\" Kazimierz Dolny, Polen","isPartOf":{"@id":"https:\/\/zamkowewzgorze.pl\/#website"},"datePublished":"2016-09-30T03:03:02+00:00","dateModified":"2022-04-19T12:10:17+00:00","description":"Wenn Sie ein voll ausgestattetes Ferienhaus oder einen Konferenzraum mieten m\u00f6chten oder andere Fragen oder Zweifel haben, kontaktieren Sie uns bitte.","breadcrumb":{"@id":"https:\/\/zamkowewzgorze.pl\/kontakt\/#breadcrumb"},"inLanguage":"de","potentialAction":[{"@type":"ReadAction","target":["https:\/\/zamkowewzgorze.pl\/kontakt\/"]}]},{"@type":"BreadcrumbList","@id":"https:\/\/zamkowewzgorze.pl\/kontakt\/#breadcrumb","itemListElement":[{"@type":"ListItem","position":1,"name":"Strona g\u0142\u00f3wna","item":"https:\/\/zamkowewzgorze.pl\/de\/"},{"@type":"ListItem","position":2,"name":"Kontakt"}]},{"@type":"WebSite","@id":"https:\/\/zamkowewzgorze.pl\/#website","url":"https:\/\/zamkowewzgorze.pl\/","name":"Zamkowe Wzg\u00f3rze Kazimierz Dolny Domki na wynajem","description":"","publisher":{"@id":"https:\/\/zamkowewzgorze.pl\/#organization"},"potentialAction":[{"@type":"SearchAction","target":{"@type":"EntryPoint","urlTemplate":"https:\/\/zamkowewzgorze.pl\/?s={search_term_string}"},"query-input":"required name=search_term_string"}],"inLanguage":"de"},{"@type":"Organization","@id":"https:\/\/zamkowewzgorze.pl\/#organization","name":"Zamkowe Wzg\u00f3rze Kazimierz Dolny Domki na wynajem","url":"https:\/\/zamkowewzgorze.pl\/","logo":{"@type":"ImageObject","inLanguage":"de","@id":"https:\/\/zamkowewzgorze.pl\/#\/schema\/logo\/image\/","url":"https:\/\/zamkowewzgorze.pl\/wp-content\/uploads\/2019\/01\/zamkowe_wzgorze-logo.png","contentUrl":"https:\/\/zamkowewzgorze.pl\/wp-content\/uploads\/2019\/01\/zamkowe_wzgorze-logo.png","width":591,"height":180,"caption":"Zamkowe Wzg\u00f3rze Kazimierz Dolny Domki na wynajem"},"image":{"@id":"https:\/\/zamkowewzgorze.pl\/#\/schema\/logo\/image\/"},"sameAs":["https:\/\/www.facebook.com\/zamkowewzgorzedomynawynajemKazimierzDolny"]}]}},"_links":{"self":[{"href":"https:\/\/zamkowewzgorze.pl\/de\/wp-json\/wp\/v2\/pages\/5116"}],"collection":[{"href":"https:\/\/zamkowewzgorze.pl\/de\/wp-json\/wp\/v2\/pages"}],"about":[{"href":"https:\/\/zamkowewzgorze.pl\/de\/wp-json\/wp\/v2\/types\/page"}],"author":[{"embeddable":true,"href":"https:\/\/zamkowewzgorze.pl\/de\/wp-json\/wp\/v2\/users\/2"}],"replies":[{"embeddable":true,"href":"https:\/\/zamkowewzgorze.pl\/de\/wp-json\/wp\/v2\/comments?post=5116"}],"version-history":[{"count":9,"href":"https:\/\/zamkowewzgorze.pl\/de\/wp-json\/wp\/v2\/pages\/5116\/revisions"}],"predecessor-version":[{"id":5766,"href":"https:\/\/zamkowewzgorze.pl\/de\/wp-json\/wp\/v2\/pages\/5116\/revisions\/5766"}],"wp:attachment":[{"href":"https:\/\/zamkowewzgorze.pl\/de\/wp-json\/wp\/v2\/media?parent=5116"}],"curies":[{"name":"wp","href":"https:\/\/api.w.org\/{rel}","templated":true}]}}