{"id":5120,"date":"2016-09-28T11:17:20","date_gmt":"2016-09-28T04:17:20","guid":{"rendered":"https:\/\/zamkowewzgorze.pl\/o-nas\/"},"modified":"2021-03-28T22:46:32","modified_gmt":"2021-03-28T20:46:32","slug":"ueber-uns","status":"publish","type":"page","link":"https:\/\/zamkowewzgorze.pl\/de\/ueber-uns\/","title":{"rendered":"\u00dcber uns"},"content":{"rendered":"<p>[vc_row][vc_column][vc_empty_space height=&#8221;45px&#8221;]\n\t<div class=\"thim-sc-heading  \" >\n\t\t<div class=\"article_heading \">\n\t\t\t<p class=\"heading_primary\"  >Willkommen<\/p>\n\t\t\t<h3  class=\"heading_secondary\">In unseren H\u00e4usern<\/h3>\n\t\t\t \n\t\t\t\n\t\t<\/div>\n\t<\/div>[vc_empty_space height=&#8221;25px&#8221;][\/vc_column][\/vc_row][vc_row css=&#8221;.vc_custom_1476086385327{margin-bottom: 20px !important;}&#8221;][vc_column][vc_wp_text el_class=&#8221;line-height-normal&#8221;]<\/p>\n<h4 style=\"text-align: left;\" align=\"center\">Zamkowe Wzg\u00f3rze in Kazimierz Dolny &#8211; der perfekte Ort zum Verweilen<\/h4>\n<p align=\"justify\">Unsere Mieth\u00e4user in Kazimierz Dolny sind ein ausgezeichneter Ausgangspunkt f\u00fcr alle Liebhaber friedlicher Entspannung inmitten der Natur. Die Lage inmitten der malerischen Gebiete an der Weichsel, die wilde Natur und die einzigartige Architektur von Kazimierz machen es zu einem perfekten Ort f\u00fcr Menschen, die einen Wochenendausflug oder einen langen Urlaub in Ruhe, au\u00dfergew\u00f6hnliche Erinnerungen und eine hervorragende Lage erwarten.<\/p>\n<h4 style=\"text-align: left;\">Exklusive H\u00e4user zum Vermieten &#8211; Erkunden Sie die wundersch\u00f6ne Provinz Lublin!<\/h4>\n<p align=\"justify\">Kazimierz Dolny ist eine ruhige Stadt voller Romantik mit einer einzigartigen Atmosph\u00e4re und einer charmanten Atmosph\u00e4re, die Sie sonst nirgendwo finden werden! Die mietfertigen H\u00e4user des Burgbergs befinden sich in einem ruhigen und malerischen Teil der Stadt, in der N\u00e4he der Pfarrkirche, der Burg aus dem 14. Jahrhundert, des Kazimierz-Turms und des sch\u00f6nen Marktplatzes.<\/p>\n<p>[\/vc_wp_text][\/vc_column][\/vc_row][vc_row css=&#8221;.vc_custom_1475035597783{padding-top: 60px !important;}&#8221;][vc_column]\n\t<div class=\"thim-sc-heading  \" >\n\t\t<div class=\"article_heading \">\n\t\t\t<p class=\"heading_primary\"  >Warum uns w\u00e4hlen<\/p>\n\t\t\t\n\t\t\t \n\t\t\t\n\t\t<\/div>\n\t<\/div>[vc_row_inner][vc_column_inner width=&#8221;1\/3&#8243;][vc_column_text]<\/p>\n<ul class=\"thim-list\" style=\"font-size: 15px; line-height: 15px; font-weight: 400;\">\n<li><i class=\"fa fa-check thim-primary-color\"><\/i>Modern eingerichtete Zimmer<\/li>\n<li><i class=\"fa fa-check thim-primary-color\"><\/i>Wohnzimmer mit Kamin<\/li>\n<\/ul>\n<p>[\/vc_column_text][\/vc_column_inner][vc_column_inner width=&#8221;1\/3&#8243;][vc_column_text]<\/p>\n<ul class=\"thim-list\" style=\"font-size: 15px; line-height: 15px; font-weight: 400;\">\n<li><i class=\"fa fa-check thim-primary-color\"><\/i>Zugang zu einer ausgestatteten K\u00fcche<\/li>\n<li><i class=\"fa fa-check thim-primary-color\"><\/i>Lounge-Terrasse<\/li>\n<\/ul>\n<p>[\/vc_column_text][\/vc_column_inner][vc_column_inner width=&#8221;1\/3&#8243;][vc_column_text]<\/p>\n<ul class=\"thim-list\" style=\"font-size: 15px; line-height: 15px; font-weight: 400;\">\n<li><i class=\"fa fa-check thim-primary-color\"><\/i>Wir akzeptieren Haustiere<\/li>\n<li><i class=\"fa fa-check thim-primary-color\"><\/i>Gratis Parkpl\u00e4tze<\/li>\n<\/ul>\n<p>[\/vc_column_text][\/vc_column_inner][\/vc_row_inner][vc_row_inner css=&#8221;.vc_custom_1475570441500{margin-bottom: 65px !important;padding-top: 15px !important;}&#8221;][vc_column_inner width=&#8221;1\/3&#8243;][vc_single_image image=&#8221;5373&#8243; img_size=&#8221;370&#215;300&#8243;][\/vc_column_inner][vc_column_inner width=&#8221;1\/3&#8243;][vc_single_image image=&#8221;5371&#8243; img_size=&#8221;370&#215;300&#8243; alignment=&#8221;center&#8221;][\/vc_column_inner][vc_column_inner width=&#8221;1\/3&#8243;][vc_single_image image=&#8221;4589&#8243; img_size=&#8221;370&#215;300&#8243; alignment=&#8221;center&#8221;][\/vc_column_inner][\/vc_row_inner][\/vc_column][\/vc_row][vc_row][vc_column][vc_column_text]<\/p>\n<h4 style=\"text-align: left;\" align=\"center\">Urlaub mit Blick in Kazimierz Dolny<\/h4>\n<p align=\"justify\">Familienurlaub? Ein romantisches Wochenende mit Ihrem Lebensgef\u00e4hrten? Firmenschulung oder vielleicht eine Reise mit einer Gruppe von Freunden? Zamkowe Wzg\u00f3rze mit dem Angebot von acht komfortablen und voll ausgestatteten H\u00e4usern zur Miete ist die perfekte L\u00f6sung f\u00fcr einen individuellen, unvergesslichen Urlaub, ein unvergessliches Wochenende mit Freunden, einen Junggesellenabschied oder eine Junggesellenparty.<\/p>\n<p align=\"justify\">&nbsp;<\/p>\n<p>[\/vc_column_text][\/vc_column][\/vc_row]<\/p>\n","protected":false},"excerpt":{"rendered":"<p>[vc_row][vc_column][vc_empty_space height=&#8221;45px&#8221;][vc_empty_space height=&#8221;25px&#8221;][\/vc_column][\/vc_row][vc_row css=&#8221;.vc_custom_1476086385327{margin-bottom: 20px !important;}&#8221;][vc_column][vc_wp_text el_class=&#8221;line-height-normal&#8221;] Zamkowe Wzg\u00f3rze in Kazimierz Dolny &#8211; der perfekte Ort zum Verweilen Unsere Mieth\u00e4user in Kazimierz Dolny sind ein ausgezeichneter Ausgangspunkt f\u00fcr alle Liebhaber friedlicher Entspannung inmitten der Natur. Die Lage inmitten der malerischen Gebiete an der Weichsel, die wilde Natur und die einzigartige&#8230;<\/p>\n","protected":false},"author":2,"featured_media":0,"parent":0,"menu_order":41,"comment_status":"closed","ping_status":"closed","template":"","meta":{"ngg_post_thumbnail":0,"footnotes":""},"acf":[],"yoast_head":"<!-- This site is optimized with the Yoast SEO plugin v21.9 - https:\/\/yoast.com\/wordpress\/plugins\/seo\/ -->\n<title>Kazimierz Dolny - Entdecken Sie einen einzigartigen Urlaubsort<\/title>\n<meta name=\"description\" content=\"Ein einzigartiger Ort, der einzige auf der Karte in Ostpolen. F\u00fchlen Sie sich hier zu Hause.\" \/>\n<meta name=\"robots\" content=\"index, follow, max-snippet:-1, max-image-preview:large, max-video-preview:-1\" \/>\n<link rel=\"canonical\" href=\"https:\/\/zamkowewzgorze.pl\/de\/o-nas\/\" \/>\n<meta property=\"og:locale\" content=\"de_DE\" \/>\n<meta property=\"og:type\" content=\"article\" \/>\n<meta property=\"og:title\" content=\"Kazimierz Dolny - Entdecken Sie einen einzigartigen Urlaubsort\" \/>\n<meta property=\"og:description\" content=\"Ein einzigartiger Ort, der einzige auf der Karte in Ostpolen. F\u00fchlen Sie sich hier zu Hause.\" \/>\n<meta property=\"og:url\" content=\"https:\/\/zamkowewzgorze.pl\/o-nas\/\" \/>\n<meta property=\"og:site_name\" content=\"Zamkowe Wzg\u00f3rze Kazimierz Dolny Domki na wynajem\" \/>\n<meta property=\"article:publisher\" content=\"https:\/\/www.facebook.com\/zamkowewzgorzedomynawynajemKazimierzDolny\" \/>\n<meta property=\"article:modified_time\" content=\"2021-03-28T20:46:32+00:00\" \/>\n<meta name=\"twitter:card\" content=\"summary_large_image\" \/>\n<meta name=\"twitter:label1\" content=\"Gesch\u00e4tzte Lesezeit\" \/>\n\t<meta name=\"twitter:data1\" content=\"2\u00a0Minuten\" \/>\n<script type=\"application\/ld+json\" class=\"yoast-schema-graph\">{\"@context\":\"https:\/\/schema.org\",\"@graph\":[{\"@type\":\"WebPage\",\"@id\":\"https:\/\/zamkowewzgorze.pl\/o-nas\/\",\"url\":\"https:\/\/zamkowewzgorze.pl\/o-nas\/\",\"name\":\"Kazimierz Dolny - Entdecken Sie einen einzigartigen Urlaubsort\",\"isPartOf\":{\"@id\":\"https:\/\/zamkowewzgorze.pl\/#website\"},\"datePublished\":\"2016-09-28T04:17:20+00:00\",\"dateModified\":\"2021-03-28T20:46:32+00:00\",\"description\":\"Ein einzigartiger Ort, der einzige auf der Karte in Ostpolen. F\u00fchlen Sie sich hier zu Hause.\",\"breadcrumb\":{\"@id\":\"https:\/\/zamkowewzgorze.pl\/o-nas\/#breadcrumb\"},\"inLanguage\":\"de\",\"potentialAction\":[{\"@type\":\"ReadAction\",\"target\":[\"https:\/\/zamkowewzgorze.pl\/o-nas\/\"]}]},{\"@type\":\"BreadcrumbList\",\"@id\":\"https:\/\/zamkowewzgorze.pl\/o-nas\/#breadcrumb\",\"itemListElement\":[{\"@type\":\"ListItem\",\"position\":1,\"name\":\"Strona g\u0142\u00f3wna\",\"item\":\"https:\/\/zamkowewzgorze.pl\/de\/\"},{\"@type\":\"ListItem\",\"position\":2,\"name\":\"\u00dcber uns\"}]},{\"@type\":\"WebSite\",\"@id\":\"https:\/\/zamkowewzgorze.pl\/#website\",\"url\":\"https:\/\/zamkowewzgorze.pl\/\",\"name\":\"Zamkowe Wzg\u00f3rze Kazimierz Dolny Domki na wynajem\",\"description\":\"\",\"publisher\":{\"@id\":\"https:\/\/zamkowewzgorze.pl\/#organization\"},\"potentialAction\":[{\"@type\":\"SearchAction\",\"target\":{\"@type\":\"EntryPoint\",\"urlTemplate\":\"https:\/\/zamkowewzgorze.pl\/?s={search_term_string}\"},\"query-input\":\"required name=search_term_string\"}],\"inLanguage\":\"de\"},{\"@type\":\"Organization\",\"@id\":\"https:\/\/zamkowewzgorze.pl\/#organization\",\"name\":\"Zamkowe Wzg\u00f3rze Kazimierz Dolny Domki na wynajem\",\"url\":\"https:\/\/zamkowewzgorze.pl\/\",\"logo\":{\"@type\":\"ImageObject\",\"inLanguage\":\"de\",\"@id\":\"https:\/\/zamkowewzgorze.pl\/#\/schema\/logo\/image\/\",\"url\":\"https:\/\/zamkowewzgorze.pl\/wp-content\/uploads\/2019\/01\/zamkowe_wzgorze-logo.png\",\"contentUrl\":\"https:\/\/zamkowewzgorze.pl\/wp-content\/uploads\/2019\/01\/zamkowe_wzgorze-logo.png\",\"width\":591,\"height\":180,\"caption\":\"Zamkowe Wzg\u00f3rze Kazimierz Dolny Domki na wynajem\"},\"image\":{\"@id\":\"https:\/\/zamkowewzgorze.pl\/#\/schema\/logo\/image\/\"},\"sameAs\":[\"https:\/\/www.facebook.com\/zamkowewzgorzedomynawynajemKazimierzDolny\"]}]}<\/script>\n<!-- \/ Yoast SEO plugin. -->","yoast_head_json":{"title":"Kazimierz Dolny - Entdecken Sie einen einzigartigen Urlaubsort","description":"Ein einzigartiger Ort, der einzige auf der Karte in Ostpolen. F\u00fchlen Sie sich hier zu Hause.","robots":{"index":"index","follow":"follow","max-snippet":"max-snippet:-1","max-image-preview":"max-image-preview:large","max-video-preview":"max-video-preview:-1"},"canonical":"https:\/\/zamkowewzgorze.pl\/de\/o-nas\/","og_locale":"de_DE","og_type":"article","og_title":"Kazimierz Dolny - Entdecken Sie einen einzigartigen Urlaubsort","og_description":"Ein einzigartiger Ort, der einzige auf der Karte in Ostpolen. F\u00fchlen Sie sich hier zu Hause.","og_url":"https:\/\/zamkowewzgorze.pl\/o-nas\/","og_site_name":"Zamkowe Wzg\u00f3rze Kazimierz Dolny Domki na wynajem","article_publisher":"https:\/\/www.facebook.com\/zamkowewzgorzedomynawynajemKazimierzDolny","article_modified_time":"2021-03-28T20:46:32+00:00","twitter_card":"summary_large_image","twitter_misc":{"Gesch\u00e4tzte Lesezeit":"2\u00a0Minuten"},"schema":{"@context":"https:\/\/schema.org","@graph":[{"@type":"WebPage","@id":"https:\/\/zamkowewzgorze.pl\/o-nas\/","url":"https:\/\/zamkowewzgorze.pl\/o-nas\/","name":"Kazimierz Dolny - Entdecken Sie einen einzigartigen Urlaubsort","isPartOf":{"@id":"https:\/\/zamkowewzgorze.pl\/#website"},"datePublished":"2016-09-28T04:17:20+00:00","dateModified":"2021-03-28T20:46:32+00:00","description":"Ein einzigartiger Ort, der einzige auf der Karte in Ostpolen. F\u00fchlen Sie sich hier zu Hause.","breadcrumb":{"@id":"https:\/\/zamkowewzgorze.pl\/o-nas\/#breadcrumb"},"inLanguage":"de","potentialAction":[{"@type":"ReadAction","target":["https:\/\/zamkowewzgorze.pl\/o-nas\/"]}]},{"@type":"BreadcrumbList","@id":"https:\/\/zamkowewzgorze.pl\/o-nas\/#breadcrumb","itemListElement":[{"@type":"ListItem","position":1,"name":"Strona g\u0142\u00f3wna","item":"https:\/\/zamkowewzgorze.pl\/de\/"},{"@type":"ListItem","position":2,"name":"\u00dcber uns"}]},{"@type":"WebSite","@id":"https:\/\/zamkowewzgorze.pl\/#website","url":"https:\/\/zamkowewzgorze.pl\/","name":"Zamkowe Wzg\u00f3rze Kazimierz Dolny Domki na wynajem","description":"","publisher":{"@id":"https:\/\/zamkowewzgorze.pl\/#organization"},"potentialAction":[{"@type":"SearchAction","target":{"@type":"EntryPoint","urlTemplate":"https:\/\/zamkowewzgorze.pl\/?s={search_term_string}"},"query-input":"required name=search_term_string"}],"inLanguage":"de"},{"@type":"Organization","@id":"https:\/\/zamkowewzgorze.pl\/#organization","name":"Zamkowe Wzg\u00f3rze Kazimierz Dolny Domki na wynajem","url":"https:\/\/zamkowewzgorze.pl\/","logo":{"@type":"ImageObject","inLanguage":"de","@id":"https:\/\/zamkowewzgorze.pl\/#\/schema\/logo\/image\/","url":"https:\/\/zamkowewzgorze.pl\/wp-content\/uploads\/2019\/01\/zamkowe_wzgorze-logo.png","contentUrl":"https:\/\/zamkowewzgorze.pl\/wp-content\/uploads\/2019\/01\/zamkowe_wzgorze-logo.png","width":591,"height":180,"caption":"Zamkowe Wzg\u00f3rze Kazimierz Dolny Domki na wynajem"},"image":{"@id":"https:\/\/zamkowewzgorze.pl\/#\/schema\/logo\/image\/"},"sameAs":["https:\/\/www.facebook.com\/zamkowewzgorzedomynawynajemKazimierzDolny"]}]}},"_links":{"self":[{"href":"https:\/\/zamkowewzgorze.pl\/de\/wp-json\/wp\/v2\/pages\/5120"}],"collection":[{"href":"https:\/\/zamkowewzgorze.pl\/de\/wp-json\/wp\/v2\/pages"}],"about":[{"href":"https:\/\/zamkowewzgorze.pl\/de\/wp-json\/wp\/v2\/types\/page"}],"author":[{"embeddable":true,"href":"https:\/\/zamkowewzgorze.pl\/de\/wp-json\/wp\/v2\/users\/2"}],"replies":[{"embeddable":true,"href":"https:\/\/zamkowewzgorze.pl\/de\/wp-json\/wp\/v2\/comments?post=5120"}],"version-history":[{"count":7,"href":"https:\/\/zamkowewzgorze.pl\/de\/wp-json\/wp\/v2\/pages\/5120\/revisions"}],"predecessor-version":[{"id":5477,"href":"https:\/\/zamkowewzgorze.pl\/de\/wp-json\/wp\/v2\/pages\/5120\/revisions\/5477"}],"wp:attachment":[{"href":"https:\/\/zamkowewzgorze.pl\/de\/wp-json\/wp\/v2\/media?parent=5120"}],"curies":[{"name":"wp","href":"https:\/\/api.w.org\/{rel}","templated":true}]}}