{"id":5223,"date":"2016-10-03T09:24:36","date_gmt":"2016-10-03T02:24:36","guid":{"rendered":"https:\/\/zamkowewzgorze.pl\/gallery\/"},"modified":"2021-03-28T22:40:35","modified_gmt":"2021-03-28T20:40:35","slug":"galerie","status":"publish","type":"page","link":"https:\/\/zamkowewzgorze.pl\/de\/galerie\/","title":{"rendered":"Galerie"},"content":{"rendered":"<p>[vc_row][vc_column]<div class=\"thim-sc-filter-gallery  \"><div class=\"wrapper-filter-controls\"><div class=\"filter-controls\"><h5><a class=\"filter all active\" data-filter=\"*\" href=\"javascript:;\">All<\/a><\/h5><h5><a class=\"filter\" href=\"javascript:;\" data-filter=\".filter-gallery-5110\">Umgebung<\/a><\/h5><h5><a class=\"filter\" href=\"javascript:;\" data-filter=\".filter-gallery-5114\">H\u00e4user<\/a><\/h5><h5><a class=\"filter\" href=\"javascript:;\" data-filter=\".filter-gallery-5112\">Innenr\u00e4ume<\/a><\/h5><\/div><\/div> <div class=\"wrapper-gallery-filter grid row\" itemscope itemtype=\"http:\/\/schema.org\/ItemList\"><div class=\"item-photo col-sm-3 filter-gallery-5110\"><div class=\"inner magnific\" data-magnific-group=\"gallery\" ><a  class=\"magnific-link\" href=\"https:\/\/zamkowewzgorze.pl\/wp-content\/uploads\/2020\/06\/28020-1.jpg\"><img decoding=\"async\" src=\"https:\/\/zamkowewzgorze.pl\/wp-content\/uploads\/2020\/06\/28020-1-570x500.jpg\" alt= \"Umgebung\" title = \"Umgebung\" \/><\/a><\/div><\/div><div class=\"item-photo col-sm-3 filter-gallery-5110\"><div class=\"inner magnific\" data-magnific-group=\"gallery\" ><a  class=\"magnific-link\" href=\"https:\/\/zamkowewzgorze.pl\/wp-content\/uploads\/2020\/06\/kazimierz_dolny_starowka_kosciol_farny_2_1170.jpg\"><img decoding=\"async\" src=\"https:\/\/zamkowewzgorze.pl\/wp-content\/uploads\/2020\/06\/kazimierz_dolny_starowka_kosciol_farny_2_1170-570x500.jpg\" alt= \"Umgebung\" title = \"Umgebung\" \/><\/a><\/div><\/div><div class=\"item-photo col-sm-3 filter-gallery-5110\"><div class=\"inner magnific\" data-magnific-group=\"gallery\" ><a  class=\"magnific-link\" href=\"https:\/\/zamkowewzgorze.pl\/wp-content\/uploads\/2020\/06\/kazimierz_dolny_gora_trzech_krzyzy_1170.jpg\"><img decoding=\"async\" src=\"https:\/\/zamkowewzgorze.pl\/wp-content\/uploads\/2020\/06\/kazimierz_dolny_gora_trzech_krzyzy_1170-570x500.jpg\" alt= \"Umgebung\" title = \"Umgebung\" \/><\/a><\/div><\/div><div class=\"item-photo col-sm-3 filter-gallery-5110\"><div class=\"inner magnific\" data-magnific-group=\"gallery\" ><a  class=\"magnific-link\" href=\"https:\/\/zamkowewzgorze.pl\/wp-content\/uploads\/2020\/06\/Baszta-w-Kazimierzu-Dolnym.jpg\"><img decoding=\"async\" src=\"https:\/\/zamkowewzgorze.pl\/wp-content\/uploads\/2020\/06\/Baszta-w-Kazimierzu-Dolnym-570x500.jpg\" alt= \"Umgebung\" title = \"Umgebung\" \/><\/a><\/div><\/div><div class=\"item-photo col-sm-3 filter-gallery-5110\"><div class=\"inner magnific\" data-magnific-group=\"gallery\" ><a  class=\"magnific-link\" href=\"https:\/\/zamkowewzgorze.pl\/wp-content\/uploads\/2020\/06\/kazimierz_dolny_panorama_2_1170.jpg\"><img decoding=\"async\" src=\"https:\/\/zamkowewzgorze.pl\/wp-content\/uploads\/2020\/06\/kazimierz_dolny_panorama_2_1170-570x500.jpg\" alt= \"Umgebung\" title = \"Umgebung\" \/><\/a><\/div><\/div><div class=\"item-photo col-sm-3 filter-gallery-5110\"><div class=\"inner magnific\" data-magnific-group=\"gallery\" ><a  class=\"magnific-link\" href=\"https:\/\/zamkowewzgorze.pl\/wp-content\/uploads\/2020\/06\/P8040195.jpg\"><img decoding=\"async\" src=\"https:\/\/zamkowewzgorze.pl\/wp-content\/uploads\/2020\/06\/P8040195-570x500.jpg\" alt= \"Umgebung\" title = \"Umgebung\" \/><\/a><\/div><\/div><div class=\"item-photo col-sm-3 filter-gallery-5110\"><div class=\"inner magnific\" data-magnific-group=\"gallery\" ><a  class=\"magnific-link\" href=\"https:\/\/zamkowewzgorze.pl\/wp-content\/uploads\/2020\/06\/baszta.jpg\"><img decoding=\"async\" src=\"https:\/\/zamkowewzgorze.pl\/wp-content\/uploads\/2020\/06\/baszta-570x500.jpg\" alt= \"Umgebung\" title = \"Umgebung\" \/><\/a><\/div><\/div><div class=\"item-photo col-sm-3 filter-gallery-5110\"><div class=\"inner magnific\" data-magnific-group=\"gallery\" ><a  class=\"magnific-link\" href=\"https:\/\/zamkowewzgorze.pl\/wp-content\/uploads\/2020\/06\/DJI_0526.jpg\"><img decoding=\"async\" src=\"https:\/\/zamkowewzgorze.pl\/wp-content\/uploads\/2020\/06\/DJI_0526-570x500.jpg\" alt= \"Umgebung\" title = \"Umgebung\" \/><\/a><\/div><\/div><div class=\"item-photo col-sm-3 filter-gallery-5110\"><div class=\"inner magnific\" data-magnific-group=\"gallery\" ><a  class=\"magnific-link\" href=\"https:\/\/zamkowewzgorze.pl\/wp-content\/uploads\/2020\/06\/DJI_0548.jpg\"><img decoding=\"async\" src=\"https:\/\/zamkowewzgorze.pl\/wp-content\/uploads\/2020\/06\/DJI_0548-570x500.jpg\" alt= \"Umgebung\" title = \"Umgebung\" \/><\/a><\/div><\/div><div class=\"item-photo col-sm-3 filter-gallery-5110\"><div class=\"inner magnific\" data-magnific-group=\"gallery\" ><a  class=\"magnific-link\" href=\"https:\/\/zamkowewzgorze.pl\/wp-content\/uploads\/2020\/06\/DJI_0531.jpg\"><img decoding=\"async\" src=\"https:\/\/zamkowewzgorze.pl\/wp-content\/uploads\/2020\/06\/DJI_0531-570x500.jpg\" alt= \"Umgebung\" title = \"Umgebung\" \/><\/a><\/div><\/div><div class=\"item-photo col-sm-3 filter-gallery-5114\"><div class=\"inner magnific\" data-magnific-group=\"gallery\" ><a  class=\"magnific-link\" href=\"https:\/\/zamkowewzgorze.pl\/wp-content\/uploads\/2020\/06\/AV8A4766.jpg\"><img decoding=\"async\" src=\"https:\/\/zamkowewzgorze.pl\/wp-content\/uploads\/2020\/06\/AV8A4766-570x500.jpg\" alt= \"H\u00e4user\" title = \"H\u00e4user\" \/><\/a><\/div><\/div><div class=\"item-photo col-sm-3 filter-gallery-5114\"><div class=\"inner magnific\" data-magnific-group=\"gallery\" ><a  class=\"magnific-link\" href=\"https:\/\/zamkowewzgorze.pl\/wp-content\/uploads\/2020\/06\/AV8A4768.jpg\"><img decoding=\"async\" src=\"https:\/\/zamkowewzgorze.pl\/wp-content\/uploads\/2020\/06\/AV8A4768-570x500.jpg\" alt= \"H\u00e4user\" title = \"H\u00e4user\" \/><\/a><\/div><\/div><div class=\"item-photo col-sm-3 filter-gallery-5114\"><div class=\"inner magnific\" data-magnific-group=\"gallery\" ><a  class=\"magnific-link\" href=\"https:\/\/zamkowewzgorze.pl\/wp-content\/uploads\/2020\/06\/AV8A4770.jpg\"><img decoding=\"async\" src=\"https:\/\/zamkowewzgorze.pl\/wp-content\/uploads\/2020\/06\/AV8A4770-570x500.jpg\" alt= \"H\u00e4user\" title = \"H\u00e4user\" \/><\/a><\/div><\/div><div class=\"item-photo col-sm-3 filter-gallery-5114\"><div class=\"inner magnific\" data-magnific-group=\"gallery\" ><a  class=\"magnific-link\" href=\"https:\/\/zamkowewzgorze.pl\/wp-content\/uploads\/2020\/06\/AV8A4779-2.jpg\"><img decoding=\"async\" src=\"https:\/\/zamkowewzgorze.pl\/wp-content\/uploads\/2020\/06\/AV8A4779-2-570x500.jpg\" alt= \"H\u00e4user\" title = \"H\u00e4user\" \/><\/a><\/div><\/div><div class=\"item-photo col-sm-3 filter-gallery-5114\"><div class=\"inner magnific\" data-magnific-group=\"gallery\" ><a  class=\"magnific-link\" href=\"https:\/\/zamkowewzgorze.pl\/wp-content\/uploads\/2020\/06\/AV8A4780.jpg\"><img decoding=\"async\" src=\"https:\/\/zamkowewzgorze.pl\/wp-content\/uploads\/2020\/06\/AV8A4780-570x500.jpg\" alt= \"H\u00e4user\" title = \"H\u00e4user\" \/><\/a><\/div><\/div><div class=\"item-photo col-sm-3 filter-gallery-5114\"><div class=\"inner magnific\" data-magnific-group=\"gallery\" ><a  class=\"magnific-link\" href=\"https:\/\/zamkowewzgorze.pl\/wp-content\/uploads\/2020\/06\/AV8A4790.jpg\"><img decoding=\"async\" src=\"https:\/\/zamkowewzgorze.pl\/wp-content\/uploads\/2020\/06\/AV8A4790-570x500.jpg\" alt= \"H\u00e4user\" title = \"H\u00e4user\" \/><\/a><\/div><\/div><div class=\"item-photo col-sm-3 filter-gallery-5114\"><div class=\"inner magnific\" data-magnific-group=\"gallery\" ><a  class=\"magnific-link\" href=\"https:\/\/zamkowewzgorze.pl\/wp-content\/uploads\/2020\/06\/AV8A4796-1.jpg\"><img decoding=\"async\" src=\"https:\/\/zamkowewzgorze.pl\/wp-content\/uploads\/2020\/06\/AV8A4796-1-570x500.jpg\" alt= \"H\u00e4user\" title = \"H\u00e4user\" \/><\/a><\/div><\/div><div class=\"item-photo col-sm-3 filter-gallery-5114\"><div class=\"inner magnific\" data-magnific-group=\"gallery\" ><a  class=\"magnific-link\" href=\"https:\/\/zamkowewzgorze.pl\/wp-content\/uploads\/2020\/06\/AV8A4818.jpg\"><img decoding=\"async\" src=\"https:\/\/zamkowewzgorze.pl\/wp-content\/uploads\/2020\/06\/AV8A4818-570x500.jpg\" alt= \"H\u00e4user\" title = \"H\u00e4user\" \/><\/a><\/div><\/div><div class=\"item-photo col-sm-3 filter-gallery-5114\"><div class=\"inner magnific\" data-magnific-group=\"gallery\" ><a  class=\"magnific-link\" href=\"https:\/\/zamkowewzgorze.pl\/wp-content\/uploads\/2021\/03\/AV8A4819.jpg\"><img decoding=\"async\" src=\"https:\/\/zamkowewzgorze.pl\/wp-content\/uploads\/2021\/03\/AV8A4819-570x500.jpg\" alt= \"H\u00e4user\" title = \"H\u00e4user\" \/><\/a><\/div><\/div><div class=\"item-photo col-sm-3 filter-gallery-5112\"><div class=\"inner magnific\" data-magnific-group=\"gallery\" ><a  class=\"magnific-link\" href=\"https:\/\/zamkowewzgorze.pl\/wp-content\/uploads\/2020\/06\/Lea-i-Artur-Salon-6.jpg\"><img decoding=\"async\" src=\"https:\/\/zamkowewzgorze.pl\/wp-content\/uploads\/2020\/06\/Lea-i-Artur-Salon-6-570x500.jpg\" alt= \"Innenr\u00e4ume\" title = \"Innenr\u00e4ume\" \/><\/a><\/div><\/div><div class=\"item-photo col-sm-3 filter-gallery-5112\"><div class=\"inner magnific\" data-magnific-group=\"gallery\" ><a  class=\"magnific-link\" href=\"https:\/\/zamkowewzgorze.pl\/wp-content\/uploads\/2021\/03\/Dom-8-10.jpg\"><img decoding=\"async\" src=\"https:\/\/zamkowewzgorze.pl\/wp-content\/uploads\/2021\/03\/Dom-8-10-570x500.jpg\" alt= \"Innenr\u00e4ume\" title = \"Innenr\u00e4ume\" \/><\/a><\/div><\/div><div class=\"item-photo col-sm-3 filter-gallery-5112\"><div class=\"inner magnific\" data-magnific-group=\"gallery\" ><a  class=\"magnific-link\" href=\"https:\/\/zamkowewzgorze.pl\/wp-content\/uploads\/2019\/01\/Lea-i-Artur-\u015bniadanie-16.jpg\"><img decoding=\"async\" src=\"https:\/\/zamkowewzgorze.pl\/wp-content\/uploads\/2019\/01\/Lea-i-Artur-\u015bniadanie-16-570x500.jpg\" alt= \"Innenr\u00e4ume\" title = \"Innenr\u00e4ume\" \/><\/a><\/div><\/div><div class=\"item-photo col-sm-3 filter-gallery-5112\"><div class=\"inner magnific\" data-magnific-group=\"gallery\" ><a  class=\"magnific-link\" href=\"https:\/\/zamkowewzgorze.pl\/wp-content\/uploads\/2021\/03\/Dom6-13.jpg\"><img decoding=\"async\" src=\"https:\/\/zamkowewzgorze.pl\/wp-content\/uploads\/2021\/03\/Dom6-13-570x500.jpg\" alt= \"Innenr\u00e4ume\" title = \"Innenr\u00e4ume\" \/><\/a><\/div><\/div><div class=\"item-photo col-sm-3 filter-gallery-5112\"><div class=\"inner magnific\" data-magnific-group=\"gallery\" ><a  class=\"magnific-link\" href=\"https:\/\/zamkowewzgorze.pl\/wp-content\/uploads\/2019\/01\/Lea-i-Artur-Sypialnia-7-Dom-11.jpg\"><img decoding=\"async\" src=\"https:\/\/zamkowewzgorze.pl\/wp-content\/uploads\/2019\/01\/Lea-i-Artur-Sypialnia-7-Dom-11-570x500.jpg\" alt= \"Innenr\u00e4ume\" title = \"Innenr\u00e4ume\" \/><\/a><\/div><\/div><div class=\"item-photo col-sm-3 filter-gallery-5112\"><div class=\"inner magnific\" data-magnific-group=\"gallery\" ><a  class=\"magnific-link\" href=\"https:\/\/zamkowewzgorze.pl\/wp-content\/uploads\/2019\/01\/20210419_145620.jpg\"><img decoding=\"async\" src=\"https:\/\/zamkowewzgorze.pl\/wp-content\/uploads\/2019\/01\/20210419_145620-570x500.jpg\" alt= \"Innenr\u00e4ume\" title = \"Innenr\u00e4ume\" \/><\/a><\/div><\/div><div class=\"item-photo col-sm-3 filter-gallery-5112\"><div class=\"inner magnific\" data-magnific-group=\"gallery\" ><a  class=\"magnific-link\" href=\"https:\/\/zamkowewzgorze.pl\/wp-content\/uploads\/2019\/01\/Dom-8-2.jpg\"><img decoding=\"async\" src=\"https:\/\/zamkowewzgorze.pl\/wp-content\/uploads\/2019\/01\/Dom-8-2-570x500.jpg\" alt= \"Innenr\u00e4ume\" title = \"Innenr\u00e4ume\" \/><\/a><\/div><\/div><div class=\"item-photo col-sm-3 filter-gallery-5112\"><div class=\"inner magnific\" data-magnific-group=\"gallery\" ><a  class=\"magnific-link\" href=\"https:\/\/zamkowewzgorze.pl\/wp-content\/uploads\/2019\/01\/Dom-8-5.jpg\"><img decoding=\"async\" src=\"https:\/\/zamkowewzgorze.pl\/wp-content\/uploads\/2019\/01\/Dom-8-5-570x500.jpg\" alt= \"Innenr\u00e4ume\" title = \"Innenr\u00e4ume\" \/><\/a><\/div><\/div><div class=\"item-photo col-sm-3 filter-gallery-5112\"><div class=\"inner magnific\" data-magnific-group=\"gallery\" ><a  class=\"magnific-link\" href=\"https:\/\/zamkowewzgorze.pl\/wp-content\/uploads\/2020\/06\/Dom-8-8.jpg\"><img decoding=\"async\" src=\"https:\/\/zamkowewzgorze.pl\/wp-content\/uploads\/2020\/06\/Dom-8-8-570x500.jpg\" alt= \"Innenr\u00e4ume\" title = \"Innenr\u00e4ume\" \/><\/a><\/div><\/div><div class=\"item-photo col-sm-3 filter-gallery-5112\"><div class=\"inner magnific\" data-magnific-group=\"gallery\" ><a  class=\"magnific-link\" href=\"https:\/\/zamkowewzgorze.pl\/wp-content\/uploads\/2020\/06\/DOM-9-9.jpg\"><img decoding=\"async\" src=\"https:\/\/zamkowewzgorze.pl\/wp-content\/uploads\/2020\/06\/DOM-9-9-570x500.jpg\" alt= \"Innenr\u00e4ume\" title = \"Innenr\u00e4ume\" \/><\/a><\/div><\/div><div class=\"item-photo col-sm-3 filter-gallery-5112\"><div class=\"inner magnific\" data-magnific-group=\"gallery\" ><a  class=\"magnific-link\" href=\"https:\/\/zamkowewzgorze.pl\/wp-content\/uploads\/2020\/06\/2-Dom-4-1.jpg\"><img decoding=\"async\" src=\"https:\/\/zamkowewzgorze.pl\/wp-content\/uploads\/2020\/06\/2-Dom-4-1-570x500.jpg\" alt= \"Innenr\u00e4ume\" title = \"Innenr\u00e4ume\" \/><\/a><\/div><\/div><div class=\"item-photo col-sm-3 filter-gallery-5112\"><div class=\"inner magnific\" data-magnific-group=\"gallery\" ><a  class=\"magnific-link\" href=\"https:\/\/zamkowewzgorze.pl\/wp-content\/uploads\/2020\/06\/3-Dom-4.jpg\"><img decoding=\"async\" src=\"https:\/\/zamkowewzgorze.pl\/wp-content\/uploads\/2020\/06\/3-Dom-4-570x500.jpg\" alt= \"Innenr\u00e4ume\" title = \"Innenr\u00e4ume\" \/><\/a><\/div><\/div><div class=\"item-photo col-sm-3 filter-gallery-5112\"><div class=\"inner magnific\" data-magnific-group=\"gallery\" ><a  class=\"magnific-link\" href=\"https:\/\/zamkowewzgorze.pl\/wp-content\/uploads\/2020\/06\/3-Dom-1.jpg\"><img decoding=\"async\" src=\"https:\/\/zamkowewzgorze.pl\/wp-content\/uploads\/2020\/06\/3-Dom-1-570x500.jpg\" alt= \"Innenr\u00e4ume\" title = \"Innenr\u00e4ume\" \/><\/a><\/div><\/div><div class=\"item-photo col-sm-3 filter-gallery-5112\"><div class=\"inner magnific\" data-magnific-group=\"gallery\" ><a  class=\"magnific-link\" href=\"https:\/\/zamkowewzgorze.pl\/wp-content\/uploads\/2020\/06\/4-Dom-1.jpg\"><img decoding=\"async\" src=\"https:\/\/zamkowewzgorze.pl\/wp-content\/uploads\/2020\/06\/4-Dom-1-570x500.jpg\" alt= \"Innenr\u00e4ume\" title = \"Innenr\u00e4ume\" \/><\/a><\/div><\/div><div class=\"item-photo col-sm-3 filter-gallery-5112\"><div class=\"inner magnific\" data-magnific-group=\"gallery\" ><a  class=\"magnific-link\" href=\"https:\/\/zamkowewzgorze.pl\/wp-content\/uploads\/2020\/06\/4-Dom-5.jpg\"><img decoding=\"async\" src=\"https:\/\/zamkowewzgorze.pl\/wp-content\/uploads\/2020\/06\/4-Dom-5-570x500.jpg\" alt= \"Innenr\u00e4ume\" title = \"Innenr\u00e4ume\" \/><\/a><\/div><\/div><div class=\"item-photo col-sm-3 filter-gallery-5112\"><div class=\"inner magnific\" data-magnific-group=\"gallery\" ><a  class=\"magnific-link\" href=\"https:\/\/zamkowewzgorze.pl\/wp-content\/uploads\/2020\/06\/3-Dom-2.jpg\"><img decoding=\"async\" src=\"https:\/\/zamkowewzgorze.pl\/wp-content\/uploads\/2020\/06\/3-Dom-2-570x500.jpg\" alt= \"Innenr\u00e4ume\" title = \"Innenr\u00e4ume\" \/><\/a><\/div><\/div><div class=\"item-photo col-sm-3 filter-gallery-5112\"><div class=\"inner magnific\" data-magnific-group=\"gallery\" ><a  class=\"magnific-link\" href=\"https:\/\/zamkowewzgorze.pl\/wp-content\/uploads\/2019\/01\/20210419_145021.jpg\"><img decoding=\"async\" src=\"https:\/\/zamkowewzgorze.pl\/wp-content\/uploads\/2019\/01\/20210419_145021-570x500.jpg\" alt= \"Innenr\u00e4ume\" title = \"Innenr\u00e4ume\" \/><\/a><\/div><\/div><div class=\"item-photo col-sm-3 filter-gallery-5112\"><div class=\"inner magnific\" data-magnific-group=\"gallery\" ><a  class=\"magnific-link\" href=\"https:\/\/zamkowewzgorze.pl\/wp-content\/uploads\/2019\/01\/Lea-i-Artur-kominek-14.jpg\"><img decoding=\"async\" src=\"https:\/\/zamkowewzgorze.pl\/wp-content\/uploads\/2019\/01\/Lea-i-Artur-kominek-14-570x500.jpg\" alt= \"Innenr\u00e4ume\" title = \"Innenr\u00e4ume\" \/><\/a><\/div><\/div><\/div><\/div>[\/vc_column][\/vc_row]<\/p>\n","protected":false},"excerpt":{"rendered":"<p>[vc_row][vc_column][\/vc_column][\/vc_row]<\/p>\n","protected":false},"author":2,"featured_media":0,"parent":0,"menu_order":24,"comment_status":"closed","ping_status":"closed","template":"","meta":{"ngg_post_thumbnail":0,"footnotes":""},"acf":[],"yoast_head":"<!-- This site is optimized with the Yoast SEO plugin v21.9 - https:\/\/yoast.com\/wordpress\/plugins\/seo\/ -->\n<title>Sehen Sie Fotos unserer H\u00e4user in Kazimierz Dolny, Polen<\/title>\n<meta name=\"description\" content=\"Tr\u00e4umen Sie von einem Haus mit einer Aussichtsplattform inmitten der Natur? M\u00f6chten Sie ein romantisches Wochenende oder einen Familienausflug nach Kazimierz Dolny in der Provinz Lublin organisieren? Du bist an einen gro\u00dfartigen Ort gekommen!\" \/>\n<meta name=\"robots\" content=\"index, follow, max-snippet:-1, max-image-preview:large, max-video-preview:-1\" \/>\n<link rel=\"canonical\" href=\"https:\/\/zamkowewzgorze.pl\/de\/galerie\/\" \/>\n<meta property=\"og:locale\" content=\"de_DE\" \/>\n<meta property=\"og:type\" content=\"article\" \/>\n<meta property=\"og:title\" content=\"Sehen Sie Fotos unserer H\u00e4user in Kazimierz Dolny, Polen\" \/>\n<meta property=\"og:description\" content=\"Tr\u00e4umen Sie von einem Haus mit einer Aussichtsplattform inmitten der Natur? M\u00f6chten Sie ein romantisches Wochenende oder einen Familienausflug nach Kazimierz Dolny in der Provinz Lublin organisieren? Du bist an einen gro\u00dfartigen Ort gekommen!\" \/>\n<meta property=\"og:url\" content=\"https:\/\/zamkowewzgorze.pl\/de\/galerie\/\" \/>\n<meta property=\"og:site_name\" content=\"Zamkowe Wzg\u00f3rze Kazimierz Dolny Domki na wynajem\" \/>\n<meta property=\"article:publisher\" content=\"https:\/\/www.facebook.com\/zamkowewzgorzedomynawynajemKazimierzDolny\" \/>\n<meta property=\"article:modified_time\" content=\"2021-03-28T20:40:35+00:00\" \/>\n<meta name=\"twitter:card\" content=\"summary_large_image\" \/>\n<script type=\"application\/ld+json\" class=\"yoast-schema-graph\">{\"@context\":\"https:\/\/schema.org\",\"@graph\":[{\"@type\":\"WebPage\",\"@id\":\"https:\/\/zamkowewzgorze.pl\/de\/galerie\/\",\"url\":\"https:\/\/zamkowewzgorze.pl\/de\/galerie\/\",\"name\":\"Sehen Sie Fotos unserer H\u00e4user in Kazimierz Dolny, Polen\",\"isPartOf\":{\"@id\":\"https:\/\/zamkowewzgorze.pl\/#website\"},\"datePublished\":\"2016-10-03T02:24:36+00:00\",\"dateModified\":\"2021-03-28T20:40:35+00:00\",\"description\":\"Tr\u00e4umen Sie von einem Haus mit einer Aussichtsplattform inmitten der Natur? M\u00f6chten Sie ein romantisches Wochenende oder einen Familienausflug nach Kazimierz Dolny in der Provinz Lublin organisieren? Du bist an einen gro\u00dfartigen Ort gekommen!\",\"breadcrumb\":{\"@id\":\"https:\/\/zamkowewzgorze.pl\/de\/galerie\/#breadcrumb\"},\"inLanguage\":\"de\",\"potentialAction\":[{\"@type\":\"ReadAction\",\"target\":[\"https:\/\/zamkowewzgorze.pl\/de\/galerie\/\"]}]},{\"@type\":\"BreadcrumbList\",\"@id\":\"https:\/\/zamkowewzgorze.pl\/de\/galerie\/#breadcrumb\",\"itemListElement\":[{\"@type\":\"ListItem\",\"position\":1,\"name\":\"Strona g\u0142\u00f3wna\",\"item\":\"https:\/\/zamkowewzgorze.pl\/de\/\"},{\"@type\":\"ListItem\",\"position\":2,\"name\":\"Galerie\"}]},{\"@type\":\"WebSite\",\"@id\":\"https:\/\/zamkowewzgorze.pl\/#website\",\"url\":\"https:\/\/zamkowewzgorze.pl\/\",\"name\":\"Zamkowe Wzg\u00f3rze Kazimierz Dolny Domki na wynajem\",\"description\":\"\",\"publisher\":{\"@id\":\"https:\/\/zamkowewzgorze.pl\/#organization\"},\"potentialAction\":[{\"@type\":\"SearchAction\",\"target\":{\"@type\":\"EntryPoint\",\"urlTemplate\":\"https:\/\/zamkowewzgorze.pl\/?s={search_term_string}\"},\"query-input\":\"required name=search_term_string\"}],\"inLanguage\":\"de\"},{\"@type\":\"Organization\",\"@id\":\"https:\/\/zamkowewzgorze.pl\/#organization\",\"name\":\"Zamkowe Wzg\u00f3rze Kazimierz Dolny Domki na wynajem\",\"url\":\"https:\/\/zamkowewzgorze.pl\/\",\"logo\":{\"@type\":\"ImageObject\",\"inLanguage\":\"de\",\"@id\":\"https:\/\/zamkowewzgorze.pl\/#\/schema\/logo\/image\/\",\"url\":\"https:\/\/zamkowewzgorze.pl\/wp-content\/uploads\/2019\/01\/zamkowe_wzgorze-logo.png\",\"contentUrl\":\"https:\/\/zamkowewzgorze.pl\/wp-content\/uploads\/2019\/01\/zamkowe_wzgorze-logo.png\",\"width\":591,\"height\":180,\"caption\":\"Zamkowe Wzg\u00f3rze Kazimierz Dolny Domki na wynajem\"},\"image\":{\"@id\":\"https:\/\/zamkowewzgorze.pl\/#\/schema\/logo\/image\/\"},\"sameAs\":[\"https:\/\/www.facebook.com\/zamkowewzgorzedomynawynajemKazimierzDolny\"]}]}<\/script>\n<!-- \/ Yoast SEO plugin. -->","yoast_head_json":{"title":"Sehen Sie Fotos unserer H\u00e4user in Kazimierz Dolny, Polen","description":"Tr\u00e4umen Sie von einem Haus mit einer Aussichtsplattform inmitten der Natur? M\u00f6chten Sie ein romantisches Wochenende oder einen Familienausflug nach Kazimierz Dolny in der Provinz Lublin organisieren? Du bist an einen gro\u00dfartigen Ort gekommen!","robots":{"index":"index","follow":"follow","max-snippet":"max-snippet:-1","max-image-preview":"max-image-preview:large","max-video-preview":"max-video-preview:-1"},"canonical":"https:\/\/zamkowewzgorze.pl\/de\/galerie\/","og_locale":"de_DE","og_type":"article","og_title":"Sehen Sie Fotos unserer H\u00e4user in Kazimierz Dolny, Polen","og_description":"Tr\u00e4umen Sie von einem Haus mit einer Aussichtsplattform inmitten der Natur? M\u00f6chten Sie ein romantisches Wochenende oder einen Familienausflug nach Kazimierz Dolny in der Provinz Lublin organisieren? Du bist an einen gro\u00dfartigen Ort gekommen!","og_url":"https:\/\/zamkowewzgorze.pl\/de\/galerie\/","og_site_name":"Zamkowe Wzg\u00f3rze Kazimierz Dolny Domki na wynajem","article_publisher":"https:\/\/www.facebook.com\/zamkowewzgorzedomynawynajemKazimierzDolny","article_modified_time":"2021-03-28T20:40:35+00:00","twitter_card":"summary_large_image","schema":{"@context":"https:\/\/schema.org","@graph":[{"@type":"WebPage","@id":"https:\/\/zamkowewzgorze.pl\/de\/galerie\/","url":"https:\/\/zamkowewzgorze.pl\/de\/galerie\/","name":"Sehen Sie Fotos unserer H\u00e4user in Kazimierz Dolny, Polen","isPartOf":{"@id":"https:\/\/zamkowewzgorze.pl\/#website"},"datePublished":"2016-10-03T02:24:36+00:00","dateModified":"2021-03-28T20:40:35+00:00","description":"Tr\u00e4umen Sie von einem Haus mit einer Aussichtsplattform inmitten der Natur? M\u00f6chten Sie ein romantisches Wochenende oder einen Familienausflug nach Kazimierz Dolny in der Provinz Lublin organisieren? Du bist an einen gro\u00dfartigen Ort gekommen!","breadcrumb":{"@id":"https:\/\/zamkowewzgorze.pl\/de\/galerie\/#breadcrumb"},"inLanguage":"de","potentialAction":[{"@type":"ReadAction","target":["https:\/\/zamkowewzgorze.pl\/de\/galerie\/"]}]},{"@type":"BreadcrumbList","@id":"https:\/\/zamkowewzgorze.pl\/de\/galerie\/#breadcrumb","itemListElement":[{"@type":"ListItem","position":1,"name":"Strona g\u0142\u00f3wna","item":"https:\/\/zamkowewzgorze.pl\/de\/"},{"@type":"ListItem","position":2,"name":"Galerie"}]},{"@type":"WebSite","@id":"https:\/\/zamkowewzgorze.pl\/#website","url":"https:\/\/zamkowewzgorze.pl\/","name":"Zamkowe Wzg\u00f3rze Kazimierz Dolny Domki na wynajem","description":"","publisher":{"@id":"https:\/\/zamkowewzgorze.pl\/#organization"},"potentialAction":[{"@type":"SearchAction","target":{"@type":"EntryPoint","urlTemplate":"https:\/\/zamkowewzgorze.pl\/?s={search_term_string}"},"query-input":"required name=search_term_string"}],"inLanguage":"de"},{"@type":"Organization","@id":"https:\/\/zamkowewzgorze.pl\/#organization","name":"Zamkowe Wzg\u00f3rze Kazimierz Dolny Domki na wynajem","url":"https:\/\/zamkowewzgorze.pl\/","logo":{"@type":"ImageObject","inLanguage":"de","@id":"https:\/\/zamkowewzgorze.pl\/#\/schema\/logo\/image\/","url":"https:\/\/zamkowewzgorze.pl\/wp-content\/uploads\/2019\/01\/zamkowe_wzgorze-logo.png","contentUrl":"https:\/\/zamkowewzgorze.pl\/wp-content\/uploads\/2019\/01\/zamkowe_wzgorze-logo.png","width":591,"height":180,"caption":"Zamkowe Wzg\u00f3rze Kazimierz Dolny Domki na wynajem"},"image":{"@id":"https:\/\/zamkowewzgorze.pl\/#\/schema\/logo\/image\/"},"sameAs":["https:\/\/www.facebook.com\/zamkowewzgorzedomynawynajemKazimierzDolny"]}]}},"_links":{"self":[{"href":"https:\/\/zamkowewzgorze.pl\/de\/wp-json\/wp\/v2\/pages\/5223"}],"collection":[{"href":"https:\/\/zamkowewzgorze.pl\/de\/wp-json\/wp\/v2\/pages"}],"about":[{"href":"https:\/\/zamkowewzgorze.pl\/de\/wp-json\/wp\/v2\/types\/page"}],"author":[{"embeddable":true,"href":"https:\/\/zamkowewzgorze.pl\/de\/wp-json\/wp\/v2\/users\/2"}],"replies":[{"embeddable":true,"href":"https:\/\/zamkowewzgorze.pl\/de\/wp-json\/wp\/v2\/comments?post=5223"}],"version-history":[{"count":2,"href":"https:\/\/zamkowewzgorze.pl\/de\/wp-json\/wp\/v2\/pages\/5223\/revisions"}],"predecessor-version":[{"id":5232,"href":"https:\/\/zamkowewzgorze.pl\/de\/wp-json\/wp\/v2\/pages\/5223\/revisions\/5232"}],"wp:attachment":[{"href":"https:\/\/zamkowewzgorze.pl\/de\/wp-json\/wp\/v2\/media?parent=5223"}],"curies":[{"name":"wp","href":"https:\/\/api.w.org\/{rel}","templated":true}]}}